{"id":4856,"date":"2018-03-13T10:21:50","date_gmt":"2018-03-13T13:21:50","guid":{"rendered":"http:\/\/www.di-art.cl\/tienda\/?post_type=product&#038;p=4856"},"modified":"2025-02-20T09:39:52","modified_gmt":"2025-02-20T12:39:52","slug":"opalina-biancoflash-lisa-200-gr-oficio-x-100-hojas","status":"publish","type":"product","link":"https:\/\/www.di-art.cl\/tienda\/producto\/opalina-biancoflash-lisa-200-gr-oficio-x-100-hojas\/","title":{"rendered":"Opalina Biancoflash Lisa 200 g"},"content":{"rendered":"<p><strong>Biancoflash<\/strong>, la marca original de\u00a0<strong>Favini<\/strong>, es la palabra italiana para la blancura y la calidad.\u00a0Se presenta en dos acabados, Lisa y Gofrada, en tonos blancos e Ivory. Biancoflash es una gama que presenta una enorme versatilidad para el dise\u00f1o y la impresi\u00f3n de alto nivel.<\/p>\n","protected":false},"excerpt":{"rendered":"<p><strong>Compatible con<\/strong>\u00a0sistemas de impresi\u00f3n off set, l\u00e1ser, ploter, ink jet, serigraf\u00eda y otros. Sirve para realizar troquelados, punzonado, hendido a relieve y barnizado UV.<\/p>\n","protected":false},"featured_media":4919,"comment_status":"open","ping_status":"closed","template":"","meta":[],"product_cat":[170],"product_tag":[],"_links":{"self":[{"href":"https:\/\/www.di-art.cl\/tienda\/wp-json\/wp\/v2\/product\/4856"}],"collection":[{"href":"https:\/\/www.di-art.cl\/tienda\/wp-json\/wp\/v2\/product"}],"about":[{"href":"https:\/\/www.di-art.cl\/tienda\/wp-json\/wp\/v2\/types\/product"}],"replies":[{"embeddable":true,"href":"https:\/\/www.di-art.cl\/tienda\/wp-json\/wp\/v2\/comments?post=4856"}],"wp:featuredmedia":[{"embeddable":true,"href":"https:\/\/www.di-art.cl\/tienda\/wp-json\/wp\/v2\/media\/4919"}],"wp:attachment":[{"href":"https:\/\/www.di-art.cl\/tienda\/wp-json\/wp\/v2\/media?parent=4856"}],"wp:term":[{"taxonomy":"product_cat","embeddable":true,"href":"https:\/\/www.di-art.cl\/tienda\/wp-json\/wp\/v2\/product_cat?post=4856"},{"taxonomy":"product_tag","embeddable":true,"href":"https:\/\/www.di-art.cl\/tienda\/wp-json\/wp\/v2\/product_tag?post=4856"}],"curies":[{"name":"wp","href":"https:\/\/api.w.org\/{rel}","templated":true}]}}