{"id":5935,"date":"2019-08-02T23:42:36","date_gmt":"2019-08-03T02:42:36","guid":{"rendered":"https:\/\/www.di-art.cl\/tienda\/?post_type=product&#038;p=5935"},"modified":"2024-12-04T12:19:33","modified_gmt":"2024-12-04T15:19:33","slug":"luxury-paper-twister-cartulina-220g-pack-de-100-hojas","status":"publish","type":"product","link":"https:\/\/www.di-art.cl\/tienda\/producto\/luxury-paper-twister-cartulina-220g-pack-de-100-hojas\/","title":{"rendered":"Twister cartulina 220g"},"content":{"rendered":"<p>El gusto art\u00edstico de Oriente se expresa a trav\u00e9s de su dise\u00f1o. Puede ser impreso en Off Set, L\u00e1ser e Ink-Jet.<\/p>\n<p>&nbsp;<\/p>\n","protected":false},"excerpt":{"rendered":"<p>Cartulina de color metalizada y dise\u00f1os diversos en brillo.<\/p>\n","protected":false},"featured_media":5931,"comment_status":"open","ping_status":"closed","template":"","meta":[],"product_cat":[290,427],"product_tag":[],"_links":{"self":[{"href":"https:\/\/www.di-art.cl\/tienda\/wp-json\/wp\/v2\/product\/5935"}],"collection":[{"href":"https:\/\/www.di-art.cl\/tienda\/wp-json\/wp\/v2\/product"}],"about":[{"href":"https:\/\/www.di-art.cl\/tienda\/wp-json\/wp\/v2\/types\/product"}],"replies":[{"embeddable":true,"href":"https:\/\/www.di-art.cl\/tienda\/wp-json\/wp\/v2\/comments?post=5935"}],"wp:featuredmedia":[{"embeddable":true,"href":"https:\/\/www.di-art.cl\/tienda\/wp-json\/wp\/v2\/media\/5931"}],"wp:attachment":[{"href":"https:\/\/www.di-art.cl\/tienda\/wp-json\/wp\/v2\/media?parent=5935"}],"wp:term":[{"taxonomy":"product_cat","embeddable":true,"href":"https:\/\/www.di-art.cl\/tienda\/wp-json\/wp\/v2\/product_cat?post=5935"},{"taxonomy":"product_tag","embeddable":true,"href":"https:\/\/www.di-art.cl\/tienda\/wp-json\/wp\/v2\/product_tag?post=5935"}],"curies":[{"name":"wp","href":"https:\/\/api.w.org\/{rel}","templated":true}]}}