{"id":5938,"date":"2019-08-03T00:14:30","date_gmt":"2019-08-03T03:14:30","guid":{"rendered":"https:\/\/www.di-art.cl\/tienda\/?post_type=product&#038;p=5938"},"modified":"2025-02-20T09:50:02","modified_gmt":"2025-02-20T12:50:02","slug":"bufalo-binder","status":"publish","type":"product","link":"https:\/\/www.di-art.cl\/tienda\/producto\/bufalo-binder\/","title":{"rendered":"B\u00fafalo Binder 220g"},"content":{"rendered":"<p>Esta cartulina nos presenta un gofrado imitaci\u00f3n cuero, claramente palpable en una de sus caras y un reverso alisado. Coloreada de pasta en suaves tonos pastel, tierra y tambi\u00e9n fuertes y oscuros. Por su caracter\u00edstica puede ser utilizado en una amplia gama de presentaciones, especialmente cuando se quiere conseguir un efecto r\u00fastico y natural. Igualmente resulta apto para ser utilizado como cubiertas en encuadernaci\u00f3n y en la confecci\u00f3n de carpetas. Puede ser impreso en off set; l\u00e1ser e ink-jet.<\/p>\n<p><strong>Presentaci\u00f3n:<br \/>\nGramaje:<\/strong> 220g.<br \/>\n<strong>Formato:<\/strong>\u00a0Oficio y Carta.<\/p>\n<p>* Los colores son s\u00f3lo referenciales, ya que \u00a0pueden no corresponder al tono exacto del papel.<\/p>\n","protected":false},"excerpt":{"rendered":"<p>Cartulina gofrada tipo cuero.<\/p>\n","protected":false},"featured_media":5940,"comment_status":"open","ping_status":"closed","template":"","meta":[],"product_cat":[284,304],"product_tag":[],"_links":{"self":[{"href":"https:\/\/www.di-art.cl\/tienda\/wp-json\/wp\/v2\/product\/5938"}],"collection":[{"href":"https:\/\/www.di-art.cl\/tienda\/wp-json\/wp\/v2\/product"}],"about":[{"href":"https:\/\/www.di-art.cl\/tienda\/wp-json\/wp\/v2\/types\/product"}],"replies":[{"embeddable":true,"href":"https:\/\/www.di-art.cl\/tienda\/wp-json\/wp\/v2\/comments?post=5938"}],"wp:featuredmedia":[{"embeddable":true,"href":"https:\/\/www.di-art.cl\/tienda\/wp-json\/wp\/v2\/media\/5940"}],"wp:attachment":[{"href":"https:\/\/www.di-art.cl\/tienda\/wp-json\/wp\/v2\/media?parent=5938"}],"wp:term":[{"taxonomy":"product_cat","embeddable":true,"href":"https:\/\/www.di-art.cl\/tienda\/wp-json\/wp\/v2\/product_cat?post=5938"},{"taxonomy":"product_tag","embeddable":true,"href":"https:\/\/www.di-art.cl\/tienda\/wp-json\/wp\/v2\/product_tag?post=5938"}],"curies":[{"name":"wp","href":"https:\/\/api.w.org\/{rel}","templated":true}]}}