{"id":5981,"date":"2019-08-05T14:41:08","date_gmt":"2019-08-05T17:41:08","guid":{"rendered":"https:\/\/www.di-art.cl\/tienda\/?post_type=product&#038;p=5981"},"modified":"2025-02-20T09:43:11","modified_gmt":"2025-02-20T12:43:11","slug":"metallic-marble-cartulina-220-g-pack-de-100-hojas","status":"publish","type":"product","link":"https:\/\/www.di-art.cl\/tienda\/producto\/metallic-marble-cartulina-220-g-pack-de-100-hojas\/","title":{"rendered":"Metallic Marble cartulina 220 g"},"content":{"rendered":"<p>Esta l\u00ednea de cartulinas est\u00e1 inspirada en la piedra antigua llamada m\u00e1rmol, que ofrece una elegancia, calidad y armon\u00eda que permite obras de arte magn\u00edficas.<br \/>\nPor su dise\u00f1o creativo se puede utilizar para realizar detalles en relieve, textura, impresi\u00f3n en caliente (hot foil). Metallic Marble es una cartulina de una excelente calidad y resulta ser una excelente alternativa en la confecci\u00f3n de empaques de productos, bolsas de compras, calendarios, manualidades, tarjeter\u00eda, diplomas e incluso en invitaciones encantadoras. Puede ser impreso en off set, l\u00e1ser e ink-jet.<\/p>\n<p>Colores:\u00a0 Cream, White y Gold<br \/>\n* Los colores son s\u00f3lo referenciales, ya que \u00a0pueden no corresponder al tono exacto del papel.<\/p>\n","protected":false},"excerpt":{"rendered":"<p>Cartulina dise\u00f1o m\u00e1rmol.<\/p>\n","protected":false},"featured_media":5982,"comment_status":"open","ping_status":"closed","template":"","meta":[],"product_cat":[290,385],"product_tag":[314,218,313,316,315,317,377,221,217],"_links":{"self":[{"href":"https:\/\/www.di-art.cl\/tienda\/wp-json\/wp\/v2\/product\/5981"}],"collection":[{"href":"https:\/\/www.di-art.cl\/tienda\/wp-json\/wp\/v2\/product"}],"about":[{"href":"https:\/\/www.di-art.cl\/tienda\/wp-json\/wp\/v2\/types\/product"}],"replies":[{"embeddable":true,"href":"https:\/\/www.di-art.cl\/tienda\/wp-json\/wp\/v2\/comments?post=5981"}],"wp:featuredmedia":[{"embeddable":true,"href":"https:\/\/www.di-art.cl\/tienda\/wp-json\/wp\/v2\/media\/5982"}],"wp:attachment":[{"href":"https:\/\/www.di-art.cl\/tienda\/wp-json\/wp\/v2\/media?parent=5981"}],"wp:term":[{"taxonomy":"product_cat","embeddable":true,"href":"https:\/\/www.di-art.cl\/tienda\/wp-json\/wp\/v2\/product_cat?post=5981"},{"taxonomy":"product_tag","embeddable":true,"href":"https:\/\/www.di-art.cl\/tienda\/wp-json\/wp\/v2\/product_tag?post=5981"}],"curies":[{"name":"wp","href":"https:\/\/api.w.org\/{rel}","templated":true}]}}