{"id":6745,"date":"2019-11-12T17:56:33","date_gmt":"2019-11-12T20:56:33","guid":{"rendered":"https:\/\/www.di-art.cl\/tienda\/?post_type=product&#038;p=6745"},"modified":"2025-11-19T13:48:04","modified_gmt":"2025-11-19T16:48:04","slug":"opalina-biancoflash-hilo-225-g-x-100-hojas-fina","status":"publish","type":"product","link":"https:\/\/www.di-art.cl\/tienda\/producto\/opalina-biancoflash-hilo-225-g-x-100-hojas-fina\/","title":{"rendered":"Opalina Biancoflash Hilo 225 gr Fina"},"content":{"rendered":"<p><strong>Biancoflash<\/strong>, la marca original de\u00a0<strong>Favini<\/strong>, es la palabra italiana para la blancura y la calidad.\u00a0Se presenta en dos acabados, Lisa y Gofrada, en tonos blancos e Ivory. Biancoflash es una gama que presenta una enorme versatilidad para el dise\u00f1o y la impresi\u00f3n de alto nivel.<\/p>\n","protected":false},"excerpt":{"rendered":"<p><strong>Compatible con<\/strong>\u00a0sistemas de impresi\u00f3n off set, l\u00e1ser, ploter, ink jet, serigraf\u00eda y otros. Sirve para realizar troquelados, punzonado, hendido a relieve y barnizado UV.<\/p>\n","protected":false},"featured_media":4918,"comment_status":"open","ping_status":"closed","template":"","meta":[],"product_cat":[295,171],"product_tag":[],"_links":{"self":[{"href":"https:\/\/www.di-art.cl\/tienda\/wp-json\/wp\/v2\/product\/6745"}],"collection":[{"href":"https:\/\/www.di-art.cl\/tienda\/wp-json\/wp\/v2\/product"}],"about":[{"href":"https:\/\/www.di-art.cl\/tienda\/wp-json\/wp\/v2\/types\/product"}],"replies":[{"embeddable":true,"href":"https:\/\/www.di-art.cl\/tienda\/wp-json\/wp\/v2\/comments?post=6745"}],"wp:featuredmedia":[{"embeddable":true,"href":"https:\/\/www.di-art.cl\/tienda\/wp-json\/wp\/v2\/media\/4918"}],"wp:attachment":[{"href":"https:\/\/www.di-art.cl\/tienda\/wp-json\/wp\/v2\/media?parent=6745"}],"wp:term":[{"taxonomy":"product_cat","embeddable":true,"href":"https:\/\/www.di-art.cl\/tienda\/wp-json\/wp\/v2\/product_cat?post=6745"},{"taxonomy":"product_tag","embeddable":true,"href":"https:\/\/www.di-art.cl\/tienda\/wp-json\/wp\/v2\/product_tag?post=6745"}],"curies":[{"name":"wp","href":"https:\/\/api.w.org\/{rel}","templated":true}]}}