{"id":6837,"date":"2019-11-24T22:36:05","date_gmt":"2019-11-25T01:36:05","guid":{"rendered":"https:\/\/www.di-art.cl\/tienda\/?post_type=product&#038;p=6837"},"modified":"2024-12-04T09:38:25","modified_gmt":"2024-12-04T12:38:25","slug":"casablanca-cartulina-220g-pack-x-100hjs","status":"publish","type":"product","link":"https:\/\/www.di-art.cl\/tienda\/producto\/casablanca-cartulina-220g-pack-x-100hjs\/","title":{"rendered":"Casablanca Cartulina 220g"},"content":{"rendered":"<p style=\"font-weight: 400;\">C<span style=\"font-weight: 400;\">on sus cielos azules sobre la hermosa costa de Casablanca, un paisaje inevitablemente m\u00e1gico que necesita ser expresado m\u00e1s que con palabras.<\/span><\/p>\n<p style=\"font-weight: 400;\">De esta belleza natural se ha inspirado para crear un papel suave. Podr\u00e1s disfrutar momentos especiales de tu celebraci\u00f3n, felicidad y gratitud, por ejemplo, una tarjeta de bodas, una tarjeta de cumplea\u00f1os, calendario u otros complementos.<\/p>\n<p style=\"font-weight: 400;\">\n","protected":false},"excerpt":{"rendered":"<p style=\"font-weight: 400;\">Imprimir preferentemente la cara de acabado menos brillante.<br \/>\nPuede ser impreso en offset, l\u00e1ser e inkjet.<\/p>\n","protected":false},"featured_media":7898,"comment_status":"open","ping_status":"closed","template":"","meta":[],"product_cat":[290,412],"product_tag":[314,378,218,313,316,315,317,318,216,221],"_links":{"self":[{"href":"https:\/\/www.di-art.cl\/tienda\/wp-json\/wp\/v2\/product\/6837"}],"collection":[{"href":"https:\/\/www.di-art.cl\/tienda\/wp-json\/wp\/v2\/product"}],"about":[{"href":"https:\/\/www.di-art.cl\/tienda\/wp-json\/wp\/v2\/types\/product"}],"replies":[{"embeddable":true,"href":"https:\/\/www.di-art.cl\/tienda\/wp-json\/wp\/v2\/comments?post=6837"}],"wp:featuredmedia":[{"embeddable":true,"href":"https:\/\/www.di-art.cl\/tienda\/wp-json\/wp\/v2\/media\/7898"}],"wp:attachment":[{"href":"https:\/\/www.di-art.cl\/tienda\/wp-json\/wp\/v2\/media?parent=6837"}],"wp:term":[{"taxonomy":"product_cat","embeddable":true,"href":"https:\/\/www.di-art.cl\/tienda\/wp-json\/wp\/v2\/product_cat?post=6837"},{"taxonomy":"product_tag","embeddable":true,"href":"https:\/\/www.di-art.cl\/tienda\/wp-json\/wp\/v2\/product_tag?post=6837"}],"curies":[{"name":"wp","href":"https:\/\/api.w.org\/{rel}","templated":true}]}}