{"id":6866,"date":"2019-11-25T21:34:06","date_gmt":"2019-11-26T00:34:06","guid":{"rendered":"https:\/\/www.di-art.cl\/tienda\/?post_type=product&#038;p=6866"},"modified":"2025-02-28T17:21:36","modified_gmt":"2025-02-28T20:21:36","slug":"burano-90g-pack-x-250-hjs","status":"publish","type":"product","link":"https:\/\/www.di-art.cl\/tienda\/producto\/burano-90g-pack-x-250-hjs\/","title":{"rendered":"Burano 90g"},"content":{"rendered":"<p>Papel de 90 g. Apto para toda t\u00e9cnica de impresi\u00f3n. Uso: papeler\u00eda, Tarjeter\u00eda, Portadas, Manualidades, Scrapbook.<br \/>\nCompatible en fotocopiadoras, impresi\u00f3n L\u00e1ser e InkJet, en color y negro.<\/p>\n<p>*Marfil Burano 100 gr.<\/p>\n","protected":false},"excerpt":{"rendered":"<p>Papeler\u00eda inspirada en las tonalidades de los muros de las casas de la isla de Burano en Venecia.<br \/>\nBurano puede ser troquelado, entelado, punzonado, barnizado UV en serigraf\u00eda.<br \/>\nEs apto para toda t\u00e9cnica de impresi\u00f3n. Compatible en fotocopiadoras, impresi\u00f3n L\u00e1ser e InkJet, en color y negro. Es obtenida a pH neutro. Es Acid Free y Chlorine Free.<\/p>\n<p>*Marfil Burano 100 gr.<\/p>\n","protected":false},"featured_media":5230,"comment_status":"open","ping_status":"closed","template":"","meta":[],"product_cat":[294,209],"product_tag":[391,218,316,315,317,221,217],"_links":{"self":[{"href":"https:\/\/www.di-art.cl\/tienda\/wp-json\/wp\/v2\/product\/6866"}],"collection":[{"href":"https:\/\/www.di-art.cl\/tienda\/wp-json\/wp\/v2\/product"}],"about":[{"href":"https:\/\/www.di-art.cl\/tienda\/wp-json\/wp\/v2\/types\/product"}],"replies":[{"embeddable":true,"href":"https:\/\/www.di-art.cl\/tienda\/wp-json\/wp\/v2\/comments?post=6866"}],"wp:featuredmedia":[{"embeddable":true,"href":"https:\/\/www.di-art.cl\/tienda\/wp-json\/wp\/v2\/media\/5230"}],"wp:attachment":[{"href":"https:\/\/www.di-art.cl\/tienda\/wp-json\/wp\/v2\/media?parent=6866"}],"wp:term":[{"taxonomy":"product_cat","embeddable":true,"href":"https:\/\/www.di-art.cl\/tienda\/wp-json\/wp\/v2\/product_cat?post=6866"},{"taxonomy":"product_tag","embeddable":true,"href":"https:\/\/www.di-art.cl\/tienda\/wp-json\/wp\/v2\/product_tag?post=6866"}],"curies":[{"name":"wp","href":"https:\/\/api.w.org\/{rel}","templated":true}]}}