{"id":6869,"date":"2019-11-25T22:11:44","date_gmt":"2019-11-26T01:11:44","guid":{"rendered":"https:\/\/www.di-art.cl\/tienda\/?post_type=product&#038;p=6869"},"modified":"2025-12-10T12:49:20","modified_gmt":"2025-12-10T15:49:20","slug":"majestic-120g-pack","status":"publish","type":"product","link":"https:\/\/www.di-art.cl\/tienda\/producto\/majestic-120g-pack\/","title":{"rendered":"Majestic 120g"},"content":{"rendered":"<p>Superficies relucientes, ricos colores vibrantes, tonalizados perlados son la magia de esta exclusiva colecci\u00f3n Majestic de Di-art. La gama incluye los modernos satinados reflectantes suaves.<\/p>\n<p>Majestic es sin\u00f3nimo de lujo. Los papeles de aspecto distintivo, cada uno con un acabado superficial rico, son ideales para todos los prop\u00f3sitos de comunicaci\u00f3n y empaquetado creativos.<\/p>\n<p>Majestic tiene excelentes propiedades de impresi\u00f3n y acabado y est\u00e1 hecho con los m\u00e1s altos est\u00e1ndares medioambientales.<\/p>\n<p>La calidad y la amplia gama de usos de Majestic, permite la impresi\u00f3n de diversas t\u00e9cnicas siendo ideal para folletos, portadas, memorias, tarjetas de saludos con estilo, etc.<\/p>\n<p><strong>Aclaraci\u00f3n: <\/strong><br \/>\n<strong>Color Pink es similar a un lila.\u00a0<\/strong><br \/>\n<strong>Color Petal es similar color rosado.<\/strong><\/p>\n<p><strong>Presentaci\u00f3n:<\/strong><br \/>\nGramaje: 120 g\u00a0 m\/2<\/p>\n","protected":false},"excerpt":{"rendered":"<p>Superficies relucientes, ricos colores vibrantes, tonalizados perlados son la magia de esta exclusiva colecci\u00f3n Majestic de Di-art. La gama incluye los modernos satinados reflectantes suaves. Majestic<span class=\"excerpt-hellip\"> [\u2026]<\/span><\/p>\n","protected":false},"featured_media":5813,"comment_status":"open","ping_status":"closed","template":"","meta":[],"product_cat":[294,225],"product_tag":[453,377,454,455],"_links":{"self":[{"href":"https:\/\/www.di-art.cl\/tienda\/wp-json\/wp\/v2\/product\/6869"}],"collection":[{"href":"https:\/\/www.di-art.cl\/tienda\/wp-json\/wp\/v2\/product"}],"about":[{"href":"https:\/\/www.di-art.cl\/tienda\/wp-json\/wp\/v2\/types\/product"}],"replies":[{"embeddable":true,"href":"https:\/\/www.di-art.cl\/tienda\/wp-json\/wp\/v2\/comments?post=6869"}],"wp:featuredmedia":[{"embeddable":true,"href":"https:\/\/www.di-art.cl\/tienda\/wp-json\/wp\/v2\/media\/5813"}],"wp:attachment":[{"href":"https:\/\/www.di-art.cl\/tienda\/wp-json\/wp\/v2\/media?parent=6869"}],"wp:term":[{"taxonomy":"product_cat","embeddable":true,"href":"https:\/\/www.di-art.cl\/tienda\/wp-json\/wp\/v2\/product_cat?post=6869"},{"taxonomy":"product_tag","embeddable":true,"href":"https:\/\/www.di-art.cl\/tienda\/wp-json\/wp\/v2\/product_tag?post=6869"}],"curies":[{"name":"wp","href":"https:\/\/api.w.org\/{rel}","templated":true}]}}