{"id":7188,"date":"2020-01-27T17:46:12","date_gmt":"2020-01-27T20:46:12","guid":{"rendered":"https:\/\/www.di-art.cl\/tienda\/?post_type=product&#038;p=7188"},"modified":"2024-12-02T10:37:00","modified_gmt":"2024-12-02T13:37:00","slug":"burano-cartulina-200g-pack-x100-hjs-colores-oscuros","status":"publish","type":"product","link":"https:\/\/www.di-art.cl\/tienda\/producto\/burano-cartulina-200g-pack-x100-hjs-colores-oscuros\/","title":{"rendered":"Burano Cartulina 200g &#8211; Colores Oscuros"},"content":{"rendered":"<p>Cartulina de 200g. Apto para toda t\u00e9cnica de impresi\u00f3n. Uso: Papeleria, Tarjeter\u00eda, Portadas, Manualidades, Scrapbook.<br \/>\nCompatible en focopiadoras, impresi\u00f3n L\u00e1ser e Ink Jet, en color y negro.<br \/>\nNota: Elije el color que deseas, ampl\u00edalo haciendo clic en la lupa y ver\u00e1s su nombre.<\/p>\n","protected":false},"excerpt":{"rendered":"<p>Cartulina de 200g. Apto para toda t\u00e9cnica de impresi\u00f3n. Uso: Papeleria, Tarjeter\u00eda, Portadas, Manualidades, Scrapbook. Compatible en focopiadoras, impresi\u00f3n L\u00e1ser e Ink Jet, en color y<span class=\"excerpt-hellip\"> [\u2026]<\/span><\/p>\n","protected":false},"featured_media":7294,"comment_status":"open","ping_status":"closed","template":"","meta":[],"product_cat":[294,210],"product_tag":[218,316,315,221,217,376],"_links":{"self":[{"href":"https:\/\/www.di-art.cl\/tienda\/wp-json\/wp\/v2\/product\/7188"}],"collection":[{"href":"https:\/\/www.di-art.cl\/tienda\/wp-json\/wp\/v2\/product"}],"about":[{"href":"https:\/\/www.di-art.cl\/tienda\/wp-json\/wp\/v2\/types\/product"}],"replies":[{"embeddable":true,"href":"https:\/\/www.di-art.cl\/tienda\/wp-json\/wp\/v2\/comments?post=7188"}],"wp:featuredmedia":[{"embeddable":true,"href":"https:\/\/www.di-art.cl\/tienda\/wp-json\/wp\/v2\/media\/7294"}],"wp:attachment":[{"href":"https:\/\/www.di-art.cl\/tienda\/wp-json\/wp\/v2\/media?parent=7188"}],"wp:term":[{"taxonomy":"product_cat","embeddable":true,"href":"https:\/\/www.di-art.cl\/tienda\/wp-json\/wp\/v2\/product_cat?post=7188"},{"taxonomy":"product_tag","embeddable":true,"href":"https:\/\/www.di-art.cl\/tienda\/wp-json\/wp\/v2\/product_tag?post=7188"}],"curies":[{"name":"wp","href":"https:\/\/api.w.org\/{rel}","templated":true}]}}