{"id":7207,"date":"2020-01-27T20:02:02","date_gmt":"2020-01-27T23:02:02","guid":{"rendered":"https:\/\/www.di-art.cl\/tienda\/?post_type=product&#038;p=7207"},"modified":"2024-12-02T18:57:40","modified_gmt":"2024-12-02T21:57:40","slug":"burano-gofrado-hilo-200-gr-pack-x-100-hojas","status":"publish","type":"product","link":"https:\/\/www.di-art.cl\/tienda\/producto\/burano-gofrado-hilo-200-gr-pack-x-100-hojas\/","title":{"rendered":"Burano Gofrado Hilo 200 gr."},"content":{"rendered":"<p>Papeler\u00eda inspirada en las tonalidades de los muros de las casas de la isla de Burano en Venecia.<br \/>\nEs obtenida a pH neutro. Es Acid Free y Chlorine Free.<br \/>\nBurano puede ser troquelado, entelado, punzonado, barnizado UV en serigraf\u00eda.<br \/>\nEs apto para toda t\u00e9cnica de impresi\u00f3n. Compatible en focopiadoras, impresi\u00f3n L\u00e1ser e Ink Jet, en color y negro.<\/p>\n","protected":false},"excerpt":{"rendered":"<p>Papeler\u00eda inspirada en las tonalidades de los muros de las casas de la isla de Burano en Venecia.<br \/>\nUsos: carpetas, cartulina para manualidades, papel para invitaciones, scrapbook, tarjeter\u00eda.<\/p>\n","protected":false},"featured_media":7287,"comment_status":"open","ping_status":"closed","template":"","meta":[],"product_cat":[420,173,210],"product_tag":[],"_links":{"self":[{"href":"https:\/\/www.di-art.cl\/tienda\/wp-json\/wp\/v2\/product\/7207"}],"collection":[{"href":"https:\/\/www.di-art.cl\/tienda\/wp-json\/wp\/v2\/product"}],"about":[{"href":"https:\/\/www.di-art.cl\/tienda\/wp-json\/wp\/v2\/types\/product"}],"replies":[{"embeddable":true,"href":"https:\/\/www.di-art.cl\/tienda\/wp-json\/wp\/v2\/comments?post=7207"}],"wp:featuredmedia":[{"embeddable":true,"href":"https:\/\/www.di-art.cl\/tienda\/wp-json\/wp\/v2\/media\/7287"}],"wp:attachment":[{"href":"https:\/\/www.di-art.cl\/tienda\/wp-json\/wp\/v2\/media?parent=7207"}],"wp:term":[{"taxonomy":"product_cat","embeddable":true,"href":"https:\/\/www.di-art.cl\/tienda\/wp-json\/wp\/v2\/product_cat?post=7207"},{"taxonomy":"product_tag","embeddable":true,"href":"https:\/\/www.di-art.cl\/tienda\/wp-json\/wp\/v2\/product_tag?post=7207"}],"curies":[{"name":"wp","href":"https:\/\/api.w.org\/{rel}","templated":true}]}}