{"id":7295,"date":"2020-02-04T01:31:43","date_gmt":"2020-02-04T04:31:43","guid":{"rendered":"https:\/\/www.di-art.cl\/tienda\/?post_type=product&#038;p=7295"},"modified":"2024-12-02T18:32:56","modified_gmt":"2024-12-02T21:32:56","slug":"london","status":"publish","type":"product","link":"https:\/\/www.di-art.cl\/tienda\/producto\/london\/","title":{"rendered":"London Cartulina 200g"},"content":{"rendered":"<p>El gusto art\u00edstico de Oriente se expresa a trav\u00e9s de su dise\u00f1o. Puede ser impreso en Off Set, Laser e Ink-Jet.<\/p>\n","protected":false},"excerpt":{"rendered":"<p>El gusto art\u00edstico de Oriente se expresa a trav\u00e9s de su dise\u00f1o. Puede ser impreso en Off Set, Laser e Ink-Jet.<\/p>\n","protected":false},"featured_media":5928,"comment_status":"open","ping_status":"closed","template":"","meta":[],"product_cat":[290,430],"product_tag":[],"_links":{"self":[{"href":"https:\/\/www.di-art.cl\/tienda\/wp-json\/wp\/v2\/product\/7295"}],"collection":[{"href":"https:\/\/www.di-art.cl\/tienda\/wp-json\/wp\/v2\/product"}],"about":[{"href":"https:\/\/www.di-art.cl\/tienda\/wp-json\/wp\/v2\/types\/product"}],"replies":[{"embeddable":true,"href":"https:\/\/www.di-art.cl\/tienda\/wp-json\/wp\/v2\/comments?post=7295"}],"wp:featuredmedia":[{"embeddable":true,"href":"https:\/\/www.di-art.cl\/tienda\/wp-json\/wp\/v2\/media\/5928"}],"wp:attachment":[{"href":"https:\/\/www.di-art.cl\/tienda\/wp-json\/wp\/v2\/media?parent=7295"}],"wp:term":[{"taxonomy":"product_cat","embeddable":true,"href":"https:\/\/www.di-art.cl\/tienda\/wp-json\/wp\/v2\/product_cat?post=7295"},{"taxonomy":"product_tag","embeddable":true,"href":"https:\/\/www.di-art.cl\/tienda\/wp-json\/wp\/v2\/product_tag?post=7295"}],"curies":[{"name":"wp","href":"https:\/\/api.w.org\/{rel}","templated":true}]}}