{"id":7301,"date":"2020-02-04T01:34:43","date_gmt":"2020-02-04T04:34:43","guid":{"rendered":"https:\/\/www.di-art.cl\/tienda\/?post_type=product&#038;p=7301"},"modified":"2024-12-02T18:31:25","modified_gmt":"2024-12-02T21:31:25","slug":"moscow-cartulina-200g-pack-x-100-hjs","status":"publish","type":"product","link":"https:\/\/www.di-art.cl\/tienda\/producto\/moscow-cartulina-200g-pack-x-100-hjs\/","title":{"rendered":"Moscow Cartulina 200g"},"content":{"rendered":"<p>El gusto art\u00edstico de Oriente se expresa a trav\u00e9s de su dise\u00f1o. Puede ser impreso en Off Set, Laser e Ink-Jet.<\/p>\n","protected":false},"excerpt":{"rendered":"<p>El gusto art\u00edstico de Oriente se expresa a trav\u00e9s de su dise\u00f1o. Puede ser impreso en Off Set, Laser e Ink-Jet.<\/p>\n","protected":false},"featured_media":5929,"comment_status":"open","ping_status":"closed","template":"","meta":[],"product_cat":[290,428],"product_tag":[313,316,318,377,221,217,376],"_links":{"self":[{"href":"https:\/\/www.di-art.cl\/tienda\/wp-json\/wp\/v2\/product\/7301"}],"collection":[{"href":"https:\/\/www.di-art.cl\/tienda\/wp-json\/wp\/v2\/product"}],"about":[{"href":"https:\/\/www.di-art.cl\/tienda\/wp-json\/wp\/v2\/types\/product"}],"replies":[{"embeddable":true,"href":"https:\/\/www.di-art.cl\/tienda\/wp-json\/wp\/v2\/comments?post=7301"}],"wp:featuredmedia":[{"embeddable":true,"href":"https:\/\/www.di-art.cl\/tienda\/wp-json\/wp\/v2\/media\/5929"}],"wp:attachment":[{"href":"https:\/\/www.di-art.cl\/tienda\/wp-json\/wp\/v2\/media?parent=7301"}],"wp:term":[{"taxonomy":"product_cat","embeddable":true,"href":"https:\/\/www.di-art.cl\/tienda\/wp-json\/wp\/v2\/product_cat?post=7301"},{"taxonomy":"product_tag","embeddable":true,"href":"https:\/\/www.di-art.cl\/tienda\/wp-json\/wp\/v2\/product_tag?post=7301"}],"curies":[{"name":"wp","href":"https:\/\/api.w.org\/{rel}","templated":true}]}}