{"id":7511,"date":"2020-09-23T17:51:23","date_gmt":"2020-09-23T20:51:23","guid":{"rendered":"https:\/\/www.di-art.cl\/tienda\/?post_type=product&#038;p=7511"},"modified":"2024-12-02T18:27:44","modified_gmt":"2024-12-02T21:27:44","slug":"prisma-nacarado-perlado-130","status":"publish","type":"product","link":"https:\/\/www.di-art.cl\/tienda\/producto\/prisma-nacarado-perlado-130\/","title":{"rendered":"Prisma Nacarado 130 gr. (perlado)"},"content":{"rendered":"<p>Prisma es un papel marcado con fieltro, producido con pulpas FSC de fuentes certificadas y controladas. La versi\u00f3n met\u00e1lica combina el marcado de fieltro con brillos met\u00e1licos contempor\u00e1neos. Se encuentra disponible en 2 gramajes y sobres a juego. Es adecuado para uso en archivos o aplicaciones que requieran papel \u201csin \u00e1cido\u201d. Es biodegradable y reciclable. Es un papel libre de Cloro y pH neutro.<\/p>\n<p>Prisma es id\u00f3nea para todo tipo de estampaci\u00f3n, troquelado, tramado, acoplamiento barnizado, UV, serigraf\u00eda, fotocopia, laser compatible al Ink-jet, estampaci\u00f3n art\u00edstica, ediciones de calidad, hojas publicitarias, cat\u00e1logos, calendarios, posters, etc.<\/p>\n","protected":false},"excerpt":{"rendered":"<p>Prisma es un papel marcado con fieltro, producido con pulpas FSC de fuentes certificadas y controladas. La versi\u00f3n met\u00e1lica combina el marcado de fieltro con brillos<span class=\"excerpt-hellip\"> [\u2026]<\/span><\/p>\n","protected":false},"featured_media":7660,"comment_status":"open","ping_status":"closed","template":"","meta":[],"product_cat":[294,434,435],"product_tag":[580,585,377,454,584],"_links":{"self":[{"href":"https:\/\/www.di-art.cl\/tienda\/wp-json\/wp\/v2\/product\/7511"}],"collection":[{"href":"https:\/\/www.di-art.cl\/tienda\/wp-json\/wp\/v2\/product"}],"about":[{"href":"https:\/\/www.di-art.cl\/tienda\/wp-json\/wp\/v2\/types\/product"}],"replies":[{"embeddable":true,"href":"https:\/\/www.di-art.cl\/tienda\/wp-json\/wp\/v2\/comments?post=7511"}],"wp:featuredmedia":[{"embeddable":true,"href":"https:\/\/www.di-art.cl\/tienda\/wp-json\/wp\/v2\/media\/7660"}],"wp:attachment":[{"href":"https:\/\/www.di-art.cl\/tienda\/wp-json\/wp\/v2\/media?parent=7511"}],"wp:term":[{"taxonomy":"product_cat","embeddable":true,"href":"https:\/\/www.di-art.cl\/tienda\/wp-json\/wp\/v2\/product_cat?post=7511"},{"taxonomy":"product_tag","embeddable":true,"href":"https:\/\/www.di-art.cl\/tienda\/wp-json\/wp\/v2\/product_tag?post=7511"}],"curies":[{"name":"wp","href":"https:\/\/api.w.org\/{rel}","templated":true}]}}