{"id":7618,"date":"2020-11-11T19:42:33","date_gmt":"2020-11-11T22:42:33","guid":{"rendered":"https:\/\/www.di-art.cl\/tienda\/?post_type=product&#038;p=7618"},"modified":"2024-12-02T18:24:24","modified_gmt":"2024-12-02T21:24:24","slug":"crush-200-gr","status":"publish","type":"product","link":"https:\/\/www.di-art.cl\/tienda\/producto\/crush-200-gr\/","title":{"rendered":"Crush 200 gr."},"content":{"rendered":"<p>Papel Reciclado org\u00e1nico, producido usando 100% energ\u00eda verde. El contenido incluye el 30% del reciclado de residuos post-consumo. Los productos org\u00e1nicos reemplazan el 15% de pulpa de \u00e1rbol.<\/p>\n<p>Colores disponibles: Corn y Citrus.<\/p>\n","protected":false},"excerpt":{"rendered":"<p>Papel Reciclado org\u00e1nico, producido usando 100% energ\u00eda verde. El contenido incluye el 30% del reciclado de residuos post-consumo. Los productos org\u00e1nicos reemplazan el 15% de pulpa de \u00e1rbol.<\/p>\n","protected":false},"featured_media":7619,"comment_status":"open","ping_status":"closed","template":"","meta":[],"product_cat":[448],"product_tag":[452,447,451,216,221,450,446],"_links":{"self":[{"href":"https:\/\/www.di-art.cl\/tienda\/wp-json\/wp\/v2\/product\/7618"}],"collection":[{"href":"https:\/\/www.di-art.cl\/tienda\/wp-json\/wp\/v2\/product"}],"about":[{"href":"https:\/\/www.di-art.cl\/tienda\/wp-json\/wp\/v2\/types\/product"}],"replies":[{"embeddable":true,"href":"https:\/\/www.di-art.cl\/tienda\/wp-json\/wp\/v2\/comments?post=7618"}],"wp:featuredmedia":[{"embeddable":true,"href":"https:\/\/www.di-art.cl\/tienda\/wp-json\/wp\/v2\/media\/7619"}],"wp:attachment":[{"href":"https:\/\/www.di-art.cl\/tienda\/wp-json\/wp\/v2\/media?parent=7618"}],"wp:term":[{"taxonomy":"product_cat","embeddable":true,"href":"https:\/\/www.di-art.cl\/tienda\/wp-json\/wp\/v2\/product_cat?post=7618"},{"taxonomy":"product_tag","embeddable":true,"href":"https:\/\/www.di-art.cl\/tienda\/wp-json\/wp\/v2\/product_tag?post=7618"}],"curies":[{"name":"wp","href":"https:\/\/api.w.org\/{rel}","templated":true}]}}