{"id":7623,"date":"2020-11-11T19:58:00","date_gmt":"2020-11-11T22:58:00","guid":{"rendered":"https:\/\/www.di-art.cl\/tienda\/?post_type=product&#038;p=7623"},"modified":"2024-12-02T18:22:50","modified_gmt":"2024-12-02T21:22:50","slug":"alga-90-gr","status":"publish","type":"product","link":"https:\/\/www.di-art.cl\/tienda\/producto\/alga-90-gr\/","title":{"rendered":"Alga 90 gr."},"content":{"rendered":"<p>Papel producido sobre la base de algas extra\u00eddas de la laguna de Venecia. Las algas excedentes en la naturaleza sustituyen parcialmente a los \u00e1rboles. Este papel contiene un 30% de fibras recicladas y es apto para cada tenida de impresi\u00f3n, compatible para estampa l\u00e1ser, ink jet y fotocopias.<\/p>\n<p>Puede ser troquelado, punzonado, gofrado, plegado, barnizado, serigraf\u00eda.<\/p>\n","protected":false},"excerpt":{"rendered":"<p>Papel producido sobre la base de algas extra\u00eddas de la laguna de Venecia. Las algas excedentes en la naturaleza sustituyen parcialmente a los \u00e1rboles. Este papel<span class=\"excerpt-hellip\"> [\u2026]<\/span><\/p>\n","protected":false},"featured_media":7625,"comment_status":"open","ping_status":"closed","template":"","meta":[],"product_cat":[448],"product_tag":[452,447,451,216,221,450,446],"_links":{"self":[{"href":"https:\/\/www.di-art.cl\/tienda\/wp-json\/wp\/v2\/product\/7623"}],"collection":[{"href":"https:\/\/www.di-art.cl\/tienda\/wp-json\/wp\/v2\/product"}],"about":[{"href":"https:\/\/www.di-art.cl\/tienda\/wp-json\/wp\/v2\/types\/product"}],"replies":[{"embeddable":true,"href":"https:\/\/www.di-art.cl\/tienda\/wp-json\/wp\/v2\/comments?post=7623"}],"wp:featuredmedia":[{"embeddable":true,"href":"https:\/\/www.di-art.cl\/tienda\/wp-json\/wp\/v2\/media\/7625"}],"wp:attachment":[{"href":"https:\/\/www.di-art.cl\/tienda\/wp-json\/wp\/v2\/media?parent=7623"}],"wp:term":[{"taxonomy":"product_cat","embeddable":true,"href":"https:\/\/www.di-art.cl\/tienda\/wp-json\/wp\/v2\/product_cat?post=7623"},{"taxonomy":"product_tag","embeddable":true,"href":"https:\/\/www.di-art.cl\/tienda\/wp-json\/wp\/v2\/product_tag?post=7623"}],"curies":[{"name":"wp","href":"https:\/\/api.w.org\/{rel}","templated":true}]}}