{"id":8001,"date":"2021-04-15T18:01:14","date_gmt":"2021-04-15T21:01:14","guid":{"rendered":"https:\/\/www.di-art.cl\/tienda\/?post_type=product&#038;p=8001"},"modified":"2025-02-27T18:47:41","modified_gmt":"2025-02-27T21:47:41","slug":"metallic-blossom-220-g","status":"publish","type":"product","link":"https:\/\/www.di-art.cl\/tienda\/producto\/metallic-blossom-220-g\/","title":{"rendered":"Metallic Blossom 220 g"},"content":{"rendered":"<p>Cartulina de 220 grs. coloreada. Incorpora en ambas caras peque\u00f1as y delicadas flores en color plata. Est\u00e1 especialmente recomendado para presentaciones donde los sentimientos a transmitir requieren de especial atenci\u00f3n. Cartulina de 220 gr. Puede ser impreso en off set, laser e ink-jet.<\/p>\n","protected":false},"excerpt":{"rendered":"<p>Cartulina de 220 grs. coloreada en pasta de color. Incorpora en ambas caras peque\u00f1as y delicadas flores en color plata.<\/p>\n","protected":false},"featured_media":7767,"comment_status":"open","ping_status":"closed","template":"","meta":[],"product_cat":[284,496],"product_tag":[],"_links":{"self":[{"href":"https:\/\/www.di-art.cl\/tienda\/wp-json\/wp\/v2\/product\/8001"}],"collection":[{"href":"https:\/\/www.di-art.cl\/tienda\/wp-json\/wp\/v2\/product"}],"about":[{"href":"https:\/\/www.di-art.cl\/tienda\/wp-json\/wp\/v2\/types\/product"}],"replies":[{"embeddable":true,"href":"https:\/\/www.di-art.cl\/tienda\/wp-json\/wp\/v2\/comments?post=8001"}],"wp:featuredmedia":[{"embeddable":true,"href":"https:\/\/www.di-art.cl\/tienda\/wp-json\/wp\/v2\/media\/7767"}],"wp:attachment":[{"href":"https:\/\/www.di-art.cl\/tienda\/wp-json\/wp\/v2\/media?parent=8001"}],"wp:term":[{"taxonomy":"product_cat","embeddable":true,"href":"https:\/\/www.di-art.cl\/tienda\/wp-json\/wp\/v2\/product_cat?post=8001"},{"taxonomy":"product_tag","embeddable":true,"href":"https:\/\/www.di-art.cl\/tienda\/wp-json\/wp\/v2\/product_tag?post=8001"}],"curies":[{"name":"wp","href":"https:\/\/api.w.org\/{rel}","templated":true}]}}