{"id":8035,"date":"2021-04-16T15:35:31","date_gmt":"2021-04-16T18:35:31","guid":{"rendered":"https:\/\/www.di-art.cl\/tienda\/?post_type=product&#038;p=8035"},"modified":"2024-12-02T18:13:53","modified_gmt":"2024-12-02T21:13:53","slug":"contact-laid-120-g","status":"publish","type":"product","link":"https:\/\/www.di-art.cl\/tienda\/producto\/contact-laid-120-g\/","title":{"rendered":"Contact Laid 90 g"},"content":{"rendered":"<p>Contact Laid es una gama cl\u00e1sica de tonos blancos y marfil elegantes.<br \/>\nProducida con pulpa ECF virgen procedente de bosques bien gestionados, es la elecci\u00f3n perfecta para la comunicaci\u00f3n corporativa y aplicaciones creativas como tarjetas de felicitaci\u00f3n, folletos, publicaciones y ediciones de lujo.<\/p>\n<p>Carta y Oficio de 25 y 100 hojas<br \/>\nColores: Bianco, Avorio y Crema<\/p>\n","protected":false},"excerpt":{"rendered":"<p>Contact Laid es una gama cl\u00e1sica de tonos blancos y marfil elegantes.<\/p>\n","protected":false},"featured_media":7763,"comment_status":"open","ping_status":"closed","template":"","meta":[],"product_cat":[294,497],"product_tag":[],"_links":{"self":[{"href":"https:\/\/www.di-art.cl\/tienda\/wp-json\/wp\/v2\/product\/8035"}],"collection":[{"href":"https:\/\/www.di-art.cl\/tienda\/wp-json\/wp\/v2\/product"}],"about":[{"href":"https:\/\/www.di-art.cl\/tienda\/wp-json\/wp\/v2\/types\/product"}],"replies":[{"embeddable":true,"href":"https:\/\/www.di-art.cl\/tienda\/wp-json\/wp\/v2\/comments?post=8035"}],"wp:featuredmedia":[{"embeddable":true,"href":"https:\/\/www.di-art.cl\/tienda\/wp-json\/wp\/v2\/media\/7763"}],"wp:attachment":[{"href":"https:\/\/www.di-art.cl\/tienda\/wp-json\/wp\/v2\/media?parent=8035"}],"wp:term":[{"taxonomy":"product_cat","embeddable":true,"href":"https:\/\/www.di-art.cl\/tienda\/wp-json\/wp\/v2\/product_cat?post=8035"},{"taxonomy":"product_tag","embeddable":true,"href":"https:\/\/www.di-art.cl\/tienda\/wp-json\/wp\/v2\/product_tag?post=8035"}],"curies":[{"name":"wp","href":"https:\/\/api.w.org\/{rel}","templated":true}]}}