{"id":8041,"date":"2021-04-16T15:46:33","date_gmt":"2021-04-16T18:46:33","guid":{"rendered":"https:\/\/www.di-art.cl\/tienda\/?post_type=product&#038;p=8041"},"modified":"2024-12-13T15:53:25","modified_gmt":"2024-12-13T18:53:25","slug":"aralda-label-laid-85-g-papel-verjurado","status":"publish","type":"product","link":"https:\/\/www.di-art.cl\/tienda\/producto\/aralda-label-laid-85-g-papel-verjurado\/","title":{"rendered":"Aralda Label Laid 85 g. Papel Verjurado."},"content":{"rendered":"<p>Encontramos en Aralda un papel \u00f3ptimo para todo tipo de impresi\u00f3n. Especificaciones especiales se encuentra en versi\u00f3n VELUM Y LABEL LAID (Laid Wet Strenght: resistentes a la humedad) resistentes a la humedad y las soluciones alcalinas, ideal para ser utilizado en etiquetas en h\u00famedo.<br \/>\nId\u00f3neo para lectura magn\u00e9tica y escritura termina. Aralda puede ser troquelado, punzonado, hendido, relieve en seco, perforado y laminado.<\/p>\n","protected":false},"excerpt":{"rendered":"<p>Encontramos en Aralda un papel \u00f3ptimo para todo tipo de impresi\u00f3n. Resistente a la humedad y las soluciones alcalinas, ideal para ser utilizado en etiquetas en h\u00famedo.<\/p>\n","protected":false},"featured_media":5177,"comment_status":"open","ping_status":"closed","template":"","meta":[],"product_cat":[294,498],"product_tag":[],"_links":{"self":[{"href":"https:\/\/www.di-art.cl\/tienda\/wp-json\/wp\/v2\/product\/8041"}],"collection":[{"href":"https:\/\/www.di-art.cl\/tienda\/wp-json\/wp\/v2\/product"}],"about":[{"href":"https:\/\/www.di-art.cl\/tienda\/wp-json\/wp\/v2\/types\/product"}],"replies":[{"embeddable":true,"href":"https:\/\/www.di-art.cl\/tienda\/wp-json\/wp\/v2\/comments?post=8041"}],"wp:featuredmedia":[{"embeddable":true,"href":"https:\/\/www.di-art.cl\/tienda\/wp-json\/wp\/v2\/media\/5177"}],"wp:attachment":[{"href":"https:\/\/www.di-art.cl\/tienda\/wp-json\/wp\/v2\/media?parent=8041"}],"wp:term":[{"taxonomy":"product_cat","embeddable":true,"href":"https:\/\/www.di-art.cl\/tienda\/wp-json\/wp\/v2\/product_cat?post=8041"},{"taxonomy":"product_tag","embeddable":true,"href":"https:\/\/www.di-art.cl\/tienda\/wp-json\/wp\/v2\/product_tag?post=8041"}],"curies":[{"name":"wp","href":"https:\/\/api.w.org\/{rel}","templated":true}]}}