{"id":8048,"date":"2021-04-16T15:54:01","date_gmt":"2021-04-16T18:54:01","guid":{"rendered":"https:\/\/www.di-art.cl\/tienda\/?post_type=product&#038;p=8048"},"modified":"2024-12-13T15:52:41","modified_gmt":"2024-12-13T18:52:41","slug":"aralda-velum-100-g-papel-liso","status":"publish","type":"product","link":"https:\/\/www.di-art.cl\/tienda\/producto\/aralda-velum-100-g-papel-liso\/","title":{"rendered":"Aralda Velum 100 g. Papel liso"},"content":{"rendered":"<p>Encontramos en Aralda un papel \u00f3ptimo para todo tipo de impresi\u00f3n. Especificaciones especiales se encuentra en versi\u00f3n VELUM Y LABEL LAID, (Laid Wet Strenght: resistentes a la humedad). Id\u00f3neo para lectura magn\u00e9tica y escritura termina. Aralda puede ser troquelado, punzonado, hendido, relieve en seco, perforado y laminado.<\/p>\n","protected":false},"excerpt":{"rendered":"<p>Encontramos en Aralda un papel \u00f3ptimo para todo tipo de impresi\u00f3n.<\/p>\n","protected":false},"featured_media":5177,"comment_status":"open","ping_status":"closed","template":"","meta":[],"product_cat":[294,498],"product_tag":[],"_links":{"self":[{"href":"https:\/\/www.di-art.cl\/tienda\/wp-json\/wp\/v2\/product\/8048"}],"collection":[{"href":"https:\/\/www.di-art.cl\/tienda\/wp-json\/wp\/v2\/product"}],"about":[{"href":"https:\/\/www.di-art.cl\/tienda\/wp-json\/wp\/v2\/types\/product"}],"replies":[{"embeddable":true,"href":"https:\/\/www.di-art.cl\/tienda\/wp-json\/wp\/v2\/comments?post=8048"}],"wp:featuredmedia":[{"embeddable":true,"href":"https:\/\/www.di-art.cl\/tienda\/wp-json\/wp\/v2\/media\/5177"}],"wp:attachment":[{"href":"https:\/\/www.di-art.cl\/tienda\/wp-json\/wp\/v2\/media?parent=8048"}],"wp:term":[{"taxonomy":"product_cat","embeddable":true,"href":"https:\/\/www.di-art.cl\/tienda\/wp-json\/wp\/v2\/product_cat?post=8048"},{"taxonomy":"product_tag","embeddable":true,"href":"https:\/\/www.di-art.cl\/tienda\/wp-json\/wp\/v2\/product_tag?post=8048"}],"curies":[{"name":"wp","href":"https:\/\/api.w.org\/{rel}","templated":true}]}}