{"id":8075,"date":"2021-04-16T19:32:43","date_gmt":"2021-04-16T22:32:43","guid":{"rendered":"https:\/\/www.di-art.cl\/tienda\/?post_type=product&#038;p=8075"},"modified":"2024-12-02T12:54:55","modified_gmt":"2024-12-02T15:54:55","slug":"block-faviniart-300-gr-20-hjs","status":"publish","type":"product","link":"https:\/\/www.di-art.cl\/tienda\/producto\/block-faviniart-300-gr-20-hjs\/","title":{"rendered":"Block FaviniArt Watercolor 300 gr 20 hjs."},"content":{"rendered":"<p>Block papel de acuarela de calidad superior con una superficie de grano \u00e1spero que se puede utilizar por ambos lados. Hecho con celulosa de alta calidad y 35% de algod\u00f3n. Tiene un tama\u00f1o interno y externo para asegurar una absorci\u00f3n \u00f3ptima del color y se puede lavar con cepillo y rayado para correcciones. Es libre de \u00e1cido y resistente al moho para garantizar la estabilidad del envejecimiento. Recomendado para artistas<br \/>\nEs ideal para t\u00e9cnicas h\u00edper h\u00famedas como acuarela, t\u00e9mpera, gouache y acr\u00edlico.<\/p>\n","protected":false},"excerpt":{"rendered":"<p>Block papel de acuarela de calidad superior con una superficie de grano \u00e1spero que se puede utilizar por ambos lados. Hecho con celulosa de alta calidad<span class=\"excerpt-hellip\"> [\u2026]<\/span><\/p>\n","protected":false},"featured_media":8079,"comment_status":"open","ping_status":"closed","template":"","meta":[],"product_cat":[657,487,503],"product_tag":[654],"_links":{"self":[{"href":"https:\/\/www.di-art.cl\/tienda\/wp-json\/wp\/v2\/product\/8075"}],"collection":[{"href":"https:\/\/www.di-art.cl\/tienda\/wp-json\/wp\/v2\/product"}],"about":[{"href":"https:\/\/www.di-art.cl\/tienda\/wp-json\/wp\/v2\/types\/product"}],"replies":[{"embeddable":true,"href":"https:\/\/www.di-art.cl\/tienda\/wp-json\/wp\/v2\/comments?post=8075"}],"wp:featuredmedia":[{"embeddable":true,"href":"https:\/\/www.di-art.cl\/tienda\/wp-json\/wp\/v2\/media\/8079"}],"wp:attachment":[{"href":"https:\/\/www.di-art.cl\/tienda\/wp-json\/wp\/v2\/media?parent=8075"}],"wp:term":[{"taxonomy":"product_cat","embeddable":true,"href":"https:\/\/www.di-art.cl\/tienda\/wp-json\/wp\/v2\/product_cat?post=8075"},{"taxonomy":"product_tag","embeddable":true,"href":"https:\/\/www.di-art.cl\/tienda\/wp-json\/wp\/v2\/product_tag?post=8075"}],"curies":[{"name":"wp","href":"https:\/\/api.w.org\/{rel}","templated":true}]}}