{"id":8080,"date":"2021-04-16T19:47:43","date_gmt":"2021-04-16T22:47:43","guid":{"rendered":"https:\/\/www.di-art.cl\/tienda\/?post_type=product&#038;p=8080"},"modified":"2024-12-02T12:44:31","modified_gmt":"2024-12-02T15:44:31","slug":"block-faviniart-watercolor-240-g-30-hjs","status":"publish","type":"product","link":"https:\/\/www.di-art.cl\/tienda\/producto\/block-faviniart-watercolor-240-g-30-hjs\/","title":{"rendered":"Block FaviniArt Watercolor 240 g 30 hjs."},"content":{"rendered":"<p>Block papel de acuarela de alta calidad con una superficie de grano \u00e1spero. Elaborado con celulosa de alta calidad y 20% de algod\u00f3n. Tiene un tama\u00f1o interno y externo para asegurar una absorci\u00f3n \u00f3ptima del color y puede lavarse con que se puede utilizar por ambos lados brocha y rayarse para correcciones. Es libre de \u00e1cido y resistente al moho para garantizar la estabilidad del envejecimiento. Recomendado para estudiantes y artistas es ideal para t\u00e9cnicas h\u00famedas como acuarela y t\u00e9mpera.<\/p>\n","protected":false},"excerpt":{"rendered":"<p>Block papel de acuarela de alta calidad con una superficie de grano \u00e1spero.<\/p>\n","protected":false},"featured_media":8078,"comment_status":"open","ping_status":"closed","template":"","meta":[],"product_cat":[657,487,504],"product_tag":[654],"_links":{"self":[{"href":"https:\/\/www.di-art.cl\/tienda\/wp-json\/wp\/v2\/product\/8080"}],"collection":[{"href":"https:\/\/www.di-art.cl\/tienda\/wp-json\/wp\/v2\/product"}],"about":[{"href":"https:\/\/www.di-art.cl\/tienda\/wp-json\/wp\/v2\/types\/product"}],"replies":[{"embeddable":true,"href":"https:\/\/www.di-art.cl\/tienda\/wp-json\/wp\/v2\/comments?post=8080"}],"wp:featuredmedia":[{"embeddable":true,"href":"https:\/\/www.di-art.cl\/tienda\/wp-json\/wp\/v2\/media\/8078"}],"wp:attachment":[{"href":"https:\/\/www.di-art.cl\/tienda\/wp-json\/wp\/v2\/media?parent=8080"}],"wp:term":[{"taxonomy":"product_cat","embeddable":true,"href":"https:\/\/www.di-art.cl\/tienda\/wp-json\/wp\/v2\/product_cat?post=8080"},{"taxonomy":"product_tag","embeddable":true,"href":"https:\/\/www.di-art.cl\/tienda\/wp-json\/wp\/v2\/product_tag?post=8080"}],"curies":[{"name":"wp","href":"https:\/\/api.w.org\/{rel}","templated":true}]}}