{"id":8096,"date":"2021-04-17T17:09:19","date_gmt":"2021-04-17T20:09:19","guid":{"rendered":"https:\/\/www.di-art.cl\/tienda\/?post_type=product&#038;p=8096"},"modified":"2024-12-02T12:43:14","modified_gmt":"2024-12-02T15:43:14","slug":"block-faviniart-mixed-media-180-g-40-hjs","status":"publish","type":"product","link":"https:\/\/www.di-art.cl\/tienda\/producto\/block-faviniart-mixed-media-180-g-40-hjs\/","title":{"rendered":"Block FaviniArt Mixed Media 180 g. 40 hjs."},"content":{"rendered":"<p>Block Mixed Media: \u00a0papel vers\u00e1til y multiprop\u00f3sito con una superficie lisa de grano fino, recomendado para estudiantes y artistas. De color blanco natural para dar verdadero color al trabajo y un contraste n\u00edtido, que se puede usar para aplicaciones de medios simples y mixtos. El Peso, la textura y la capacidad de absorci\u00f3n lo convierten en la superficie ideal para t\u00e9cnicas secas y h\u00famedas, como pastel y l\u00e1piz, o acuarela y acr\u00edlico.<\/p>\n","protected":false},"excerpt":{"rendered":"<p>Block Mixed Media: \u00a0papel vers\u00e1til y multiprop\u00f3sito con una superficie lisa de grano fino, recomendado para estudiantes y artistas.<\/p>\n","protected":false},"featured_media":8101,"comment_status":"open","ping_status":"closed","template":"","meta":[],"product_cat":[657,487,511],"product_tag":[654],"_links":{"self":[{"href":"https:\/\/www.di-art.cl\/tienda\/wp-json\/wp\/v2\/product\/8096"}],"collection":[{"href":"https:\/\/www.di-art.cl\/tienda\/wp-json\/wp\/v2\/product"}],"about":[{"href":"https:\/\/www.di-art.cl\/tienda\/wp-json\/wp\/v2\/types\/product"}],"replies":[{"embeddable":true,"href":"https:\/\/www.di-art.cl\/tienda\/wp-json\/wp\/v2\/comments?post=8096"}],"wp:featuredmedia":[{"embeddable":true,"href":"https:\/\/www.di-art.cl\/tienda\/wp-json\/wp\/v2\/media\/8101"}],"wp:attachment":[{"href":"https:\/\/www.di-art.cl\/tienda\/wp-json\/wp\/v2\/media?parent=8096"}],"wp:term":[{"taxonomy":"product_cat","embeddable":true,"href":"https:\/\/www.di-art.cl\/tienda\/wp-json\/wp\/v2\/product_cat?post=8096"},{"taxonomy":"product_tag","embeddable":true,"href":"https:\/\/www.di-art.cl\/tienda\/wp-json\/wp\/v2\/product_tag?post=8096"}],"curies":[{"name":"wp","href":"https:\/\/api.w.org\/{rel}","templated":true}]}}