{"id":8105,"date":"2021-04-17T17:28:40","date_gmt":"2021-04-17T20:28:40","guid":{"rendered":"https:\/\/www.di-art.cl\/tienda\/?post_type=product&#038;p=8105"},"modified":"2024-12-02T12:40:12","modified_gmt":"2024-12-02T15:40:12","slug":"block-prisma-gofrado-160-g-40-hjs","status":"publish","type":"product","link":"https:\/\/www.di-art.cl\/tienda\/producto\/block-prisma-gofrado-160-g-40-hjs\/","title":{"rendered":"Block Prisma Gofrado 160 g 40 hjs."},"content":{"rendered":"<p>Block de Papel Prisma, presenta una marcada diferencia en la finura superficial tanto de un lado como del otro, siendo gofrado solo por una de sus caras. Se presenta como grano medio cl\u00e1sico.<br \/>\nLos estudiantes encontrar\u00e1n en prima una muy buena alternativa para diversas t\u00e9cnicas de dise\u00f1o, especialmente indicada para el uso de l\u00e1pices, carboncillo, tempera, pastel graso y seco, adem\u00e1s de t\u00e9cnicas mixtas.<\/p>\n","protected":false},"excerpt":{"rendered":"<p>Block de Papel Prisma, presenta una marcada diferencia en la finura superficial tanto de un lado como del otro, siendo gofrado solo por una de sus caras.<\/p>\n","protected":false},"featured_media":8110,"comment_status":"open","ping_status":"closed","template":"","meta":[],"product_cat":[658,487,512],"product_tag":[],"_links":{"self":[{"href":"https:\/\/www.di-art.cl\/tienda\/wp-json\/wp\/v2\/product\/8105"}],"collection":[{"href":"https:\/\/www.di-art.cl\/tienda\/wp-json\/wp\/v2\/product"}],"about":[{"href":"https:\/\/www.di-art.cl\/tienda\/wp-json\/wp\/v2\/types\/product"}],"replies":[{"embeddable":true,"href":"https:\/\/www.di-art.cl\/tienda\/wp-json\/wp\/v2\/comments?post=8105"}],"wp:featuredmedia":[{"embeddable":true,"href":"https:\/\/www.di-art.cl\/tienda\/wp-json\/wp\/v2\/media\/8110"}],"wp:attachment":[{"href":"https:\/\/www.di-art.cl\/tienda\/wp-json\/wp\/v2\/media?parent=8105"}],"wp:term":[{"taxonomy":"product_cat","embeddable":true,"href":"https:\/\/www.di-art.cl\/tienda\/wp-json\/wp\/v2\/product_cat?post=8105"},{"taxonomy":"product_tag","embeddable":true,"href":"https:\/\/www.di-art.cl\/tienda\/wp-json\/wp\/v2\/product_tag?post=8105"}],"curies":[{"name":"wp","href":"https:\/\/api.w.org\/{rel}","templated":true}]}}