{"id":8112,"date":"2021-04-17T17:39:01","date_gmt":"2021-04-17T20:39:01","guid":{"rendered":"https:\/\/www.di-art.cl\/tienda\/?post_type=product&#038;p=8112"},"modified":"2024-12-02T12:39:02","modified_gmt":"2024-12-02T15:39:02","slug":"block-prisma-gofrado-doble-faz-160-g-40-hjs","status":"publish","type":"product","link":"https:\/\/www.di-art.cl\/tienda\/producto\/block-prisma-gofrado-doble-faz-160-g-40-hjs\/","title":{"rendered":"Block Prisma Gofrado Doble Faz 160 g 40 hjs."},"content":{"rendered":"<p>Block de Papel Prisma doble faz presenta una textura gofrada por ambas caras. Se presenta como grano medio cl\u00e1sico.<br \/>\nLos estudiantes encontrar\u00e1n en Prisma una muy buena alternativa para diversas t\u00e9cnicas de dise\u00f1o, especialmente indicada para el uso de l\u00e1pices, carboncillo, t\u00e9mpera, pastel graso y seco, adem\u00e1s de t\u00e9cnicas mixtas.<\/p>\n","protected":false},"excerpt":{"rendered":"<p>Block de Papel Prisma doble faz presenta una textura gofrada por ambas caras. Se presenta como grano medio cl\u00e1sico.<\/p>\n","protected":false},"featured_media":8117,"comment_status":"open","ping_status":"closed","template":"","meta":[],"product_cat":[658,513],"product_tag":[],"_links":{"self":[{"href":"https:\/\/www.di-art.cl\/tienda\/wp-json\/wp\/v2\/product\/8112"}],"collection":[{"href":"https:\/\/www.di-art.cl\/tienda\/wp-json\/wp\/v2\/product"}],"about":[{"href":"https:\/\/www.di-art.cl\/tienda\/wp-json\/wp\/v2\/types\/product"}],"replies":[{"embeddable":true,"href":"https:\/\/www.di-art.cl\/tienda\/wp-json\/wp\/v2\/comments?post=8112"}],"wp:featuredmedia":[{"embeddable":true,"href":"https:\/\/www.di-art.cl\/tienda\/wp-json\/wp\/v2\/media\/8117"}],"wp:attachment":[{"href":"https:\/\/www.di-art.cl\/tienda\/wp-json\/wp\/v2\/media?parent=8112"}],"wp:term":[{"taxonomy":"product_cat","embeddable":true,"href":"https:\/\/www.di-art.cl\/tienda\/wp-json\/wp\/v2\/product_cat?post=8112"},{"taxonomy":"product_tag","embeddable":true,"href":"https:\/\/www.di-art.cl\/tienda\/wp-json\/wp\/v2\/product_tag?post=8112"}],"curies":[{"name":"wp","href":"https:\/\/api.w.org\/{rel}","templated":true}]}}