{"id":8247,"date":"2021-05-11T17:34:26","date_gmt":"2021-05-11T20:34:26","guid":{"rendered":"https:\/\/www.di-art.cl\/tienda\/?post_type=product&#038;p=8247"},"modified":"2024-12-02T11:49:41","modified_gmt":"2024-12-02T14:49:41","slug":"cuaderno-diseno-bond-10-x-13-cm","status":"publish","type":"product","link":"https:\/\/www.di-art.cl\/tienda\/producto\/cuaderno-diseno-bond-10-x-13-cm\/","title":{"rendered":"Cuaderno Bond Dise\u00f1o 10 x 13 cm"},"content":{"rendered":"<p>Cuaderno Bond Dise\u00f1o (8 dise\u00f1os disponibles) Hoja 80g &#8211; <strong>100 hjs.<\/strong><\/p>\n","protected":false},"excerpt":{"rendered":"<p>Cuaderno Bond Dise\u00f1o (8 dise\u00f1os disponibles) Hoja 80g &#8211; <strong>100 hjs.<\/strong><\/p>\n","protected":false},"featured_media":8238,"comment_status":"open","ping_status":"closed","template":"","meta":[],"product_cat":[487,561],"product_tag":[],"_links":{"self":[{"href":"https:\/\/www.di-art.cl\/tienda\/wp-json\/wp\/v2\/product\/8247"}],"collection":[{"href":"https:\/\/www.di-art.cl\/tienda\/wp-json\/wp\/v2\/product"}],"about":[{"href":"https:\/\/www.di-art.cl\/tienda\/wp-json\/wp\/v2\/types\/product"}],"replies":[{"embeddable":true,"href":"https:\/\/www.di-art.cl\/tienda\/wp-json\/wp\/v2\/comments?post=8247"}],"wp:featuredmedia":[{"embeddable":true,"href":"https:\/\/www.di-art.cl\/tienda\/wp-json\/wp\/v2\/media\/8238"}],"wp:attachment":[{"href":"https:\/\/www.di-art.cl\/tienda\/wp-json\/wp\/v2\/media?parent=8247"}],"wp:term":[{"taxonomy":"product_cat","embeddable":true,"href":"https:\/\/www.di-art.cl\/tienda\/wp-json\/wp\/v2\/product_cat?post=8247"},{"taxonomy":"product_tag","embeddable":true,"href":"https:\/\/www.di-art.cl\/tienda\/wp-json\/wp\/v2\/product_tag?post=8247"}],"curies":[{"name":"wp","href":"https:\/\/api.w.org\/{rel}","templated":true}]}}