{"id":8255,"date":"2021-05-12T13:02:07","date_gmt":"2021-05-12T16:02:07","guid":{"rendered":"https:\/\/www.di-art.cl\/tienda\/?post_type=product&#038;p=8255"},"modified":"2024-12-02T11:47:54","modified_gmt":"2024-12-02T14:47:54","slug":"cuaderno-diseno-policolor-10-x-13-cm","status":"publish","type":"product","link":"https:\/\/www.di-art.cl\/tienda\/producto\/cuaderno-diseno-policolor-10-x-13-cm\/","title":{"rendered":"Cuaderno Dise\u00f1o Policolor 10 x 13 cm"},"content":{"rendered":"<p>Cuaderno policolor dise\u00f1o (8 dise\u00f1os disponibles) Hoja 80g &#8211; <strong>80 hjs. (20 hojas por color)<\/strong><\/p>\n","protected":false},"excerpt":{"rendered":"<p>Cuaderno Bond Dise\u00f1o (8 dise\u00f1os disponibles) Hoja 80g &#8211; <strong>80 hjs. (20 hojas por color)<\/strong><\/p>\n","protected":false},"featured_media":8238,"comment_status":"open","ping_status":"closed","template":"","meta":[],"product_cat":[487,561],"product_tag":[],"_links":{"self":[{"href":"https:\/\/www.di-art.cl\/tienda\/wp-json\/wp\/v2\/product\/8255"}],"collection":[{"href":"https:\/\/www.di-art.cl\/tienda\/wp-json\/wp\/v2\/product"}],"about":[{"href":"https:\/\/www.di-art.cl\/tienda\/wp-json\/wp\/v2\/types\/product"}],"replies":[{"embeddable":true,"href":"https:\/\/www.di-art.cl\/tienda\/wp-json\/wp\/v2\/comments?post=8255"}],"wp:featuredmedia":[{"embeddable":true,"href":"https:\/\/www.di-art.cl\/tienda\/wp-json\/wp\/v2\/media\/8238"}],"wp:attachment":[{"href":"https:\/\/www.di-art.cl\/tienda\/wp-json\/wp\/v2\/media?parent=8255"}],"wp:term":[{"taxonomy":"product_cat","embeddable":true,"href":"https:\/\/www.di-art.cl\/tienda\/wp-json\/wp\/v2\/product_cat?post=8255"},{"taxonomy":"product_tag","embeddable":true,"href":"https:\/\/www.di-art.cl\/tienda\/wp-json\/wp\/v2\/product_tag?post=8255"}],"curies":[{"name":"wp","href":"https:\/\/api.w.org\/{rel}","templated":true}]}}