{"id":8426,"date":"2021-08-02T18:28:21","date_gmt":"2021-08-02T21:28:21","guid":{"rendered":"https:\/\/www.di-art.cl\/tienda\/?post_type=product&#038;p=8426"},"modified":"2024-12-02T11:19:40","modified_gmt":"2024-12-02T14:19:40","slug":"couche-autoadhesivo-papel-blanco-mate","status":"publish","type":"product","link":"https:\/\/www.di-art.cl\/tienda\/producto\/couche-autoadhesivo-papel-blanco-mate\/","title":{"rendered":"Couche Autoadhesivo Papel Blanco Mate"},"content":{"rendered":"<p>Permite imprimir sus propias etiquetas, afiches, se\u00f1al\u00e9ticas, entre otros. Puede ser utilizado en su impresora ink jet con resultados de calidad media.<\/p>\n<p>Por no ser un papel de alta resoluci\u00f3n deber\u00e1 tener la precauci\u00f3n de esperar el secado de la tinta antes de manipularlo.<\/p>\n<p><strong>Formato:<\/strong><br \/>\nCaja de 100 hojas tama\u00f1o oficio 21,6 x 33 cm. \/ Carta 21,6 x 28 cm.<br \/>\nCouche Disponible:\u00a0 Papel Blanco Mate 63 gr.<\/p>\n","protected":false},"excerpt":{"rendered":"<p>Permite imprimir sus propias etiquetas, afiches, se\u00f1al\u00e9ticas, entre otros. Puede ser utilizado en su impresora ink jet con resultados de calidad media. Por no ser un<span class=\"excerpt-hellip\"> [\u2026]<\/span><\/p>\n","protected":false},"featured_media":8771,"comment_status":"open","ping_status":"closed","template":"","meta":[],"product_cat":[656],"product_tag":[596,595,597,590],"_links":{"self":[{"href":"https:\/\/www.di-art.cl\/tienda\/wp-json\/wp\/v2\/product\/8426"}],"collection":[{"href":"https:\/\/www.di-art.cl\/tienda\/wp-json\/wp\/v2\/product"}],"about":[{"href":"https:\/\/www.di-art.cl\/tienda\/wp-json\/wp\/v2\/types\/product"}],"replies":[{"embeddable":true,"href":"https:\/\/www.di-art.cl\/tienda\/wp-json\/wp\/v2\/comments?post=8426"}],"wp:featuredmedia":[{"embeddable":true,"href":"https:\/\/www.di-art.cl\/tienda\/wp-json\/wp\/v2\/media\/8771"}],"wp:attachment":[{"href":"https:\/\/www.di-art.cl\/tienda\/wp-json\/wp\/v2\/media?parent=8426"}],"wp:term":[{"taxonomy":"product_cat","embeddable":true,"href":"https:\/\/www.di-art.cl\/tienda\/wp-json\/wp\/v2\/product_cat?post=8426"},{"taxonomy":"product_tag","embeddable":true,"href":"https:\/\/www.di-art.cl\/tienda\/wp-json\/wp\/v2\/product_tag?post=8426"}],"curies":[{"name":"wp","href":"https:\/\/api.w.org\/{rel}","templated":true}]}}