{"id":8552,"date":"2021-11-09T10:42:41","date_gmt":"2021-11-09T13:42:41","guid":{"rendered":"https:\/\/www.di-art.cl\/tienda\/?post_type=product&#038;p=8552"},"modified":"2026-04-23T20:19:07","modified_gmt":"2026-04-23T23:19:07","slug":"laguna-parchment-300-g","status":"publish","type":"product","link":"https:\/\/www.di-art.cl\/tienda\/producto\/laguna-parchment-300-g\/","title":{"rendered":"Laguna Parchment 300 gr"},"content":{"rendered":"<p>Parchment es obtenida a pH Neutro. Es Acid Free y Chlorine Free. Se caracteriza por tonalidades suaves y ligeros matices. Parchment es apto para cada t\u00e9cnica de impresi\u00f3n, gofrado, efecto tela, punzonado, troquelado, plegaduras, empalme, barnizado UV en serigraf\u00eda. Compatible laser, ink jet, fotocopias.<\/p>\n<p><strong>Presentaci\u00f3n: <\/strong>Gramaje: 300 gr.<br \/>\n<strong>Colores:<\/strong> Blue, Ochre y Cream.<br \/>\n* Los colores son s\u00f3lo referenciales, ya que \u00a0pueden no corresponder al tono exacto del papel.<\/p>\n","protected":false},"excerpt":{"rendered":"<p>Parchment es obtenida a pH Neutro. Es Acid Free y Chlorine Free. Se caracteriza por tonalidades suaves y ligeros matices. Parchment es apto para cada t\u00e9cnica<span class=\"excerpt-hellip\"> [\u2026]<\/span><\/p>\n","protected":false},"featured_media":8568,"comment_status":"open","ping_status":"closed","template":"","meta":[],"product_cat":[655],"product_tag":[606,447,451,216,605,221,607,450],"_links":{"self":[{"href":"https:\/\/www.di-art.cl\/tienda\/wp-json\/wp\/v2\/product\/8552"}],"collection":[{"href":"https:\/\/www.di-art.cl\/tienda\/wp-json\/wp\/v2\/product"}],"about":[{"href":"https:\/\/www.di-art.cl\/tienda\/wp-json\/wp\/v2\/types\/product"}],"replies":[{"embeddable":true,"href":"https:\/\/www.di-art.cl\/tienda\/wp-json\/wp\/v2\/comments?post=8552"}],"wp:featuredmedia":[{"embeddable":true,"href":"https:\/\/www.di-art.cl\/tienda\/wp-json\/wp\/v2\/media\/8568"}],"wp:attachment":[{"href":"https:\/\/www.di-art.cl\/tienda\/wp-json\/wp\/v2\/media?parent=8552"}],"wp:term":[{"taxonomy":"product_cat","embeddable":true,"href":"https:\/\/www.di-art.cl\/tienda\/wp-json\/wp\/v2\/product_cat?post=8552"},{"taxonomy":"product_tag","embeddable":true,"href":"https:\/\/www.di-art.cl\/tienda\/wp-json\/wp\/v2\/product_tag?post=8552"}],"curies":[{"name":"wp","href":"https:\/\/api.w.org\/{rel}","templated":true}]}}