{"id":8572,"date":"2021-11-09T12:33:30","date_gmt":"2021-11-09T15:33:30","guid":{"rendered":"https:\/\/www.di-art.cl\/tienda\/?post_type=product&#038;p=8572"},"modified":"2024-12-02T11:28:35","modified_gmt":"2024-12-02T14:28:35","slug":"vegetal-color-fuertes","status":"publish","type":"product","link":"https:\/\/www.di-art.cl\/tienda\/producto\/vegetal-color-fuertes\/","title":{"rendered":"Vegetal Color Colores Fuertes"},"content":{"rendered":"<p>Pura celulosa blanqueada, libre de cloro reciclable.<br \/>\nPapel no estucado interior te\u00f1ido. Resistente al envejecimiento.<br \/>\nProcesos tradicionales de impresi\u00f3n. Prensas tipogr\u00e1fica, litograf\u00eda, serigraf\u00eda impresa, l\u00e1ser e impresi\u00f3n de inyecci\u00f3n de tinta.<\/p>\n<p>Glama fresh &amp; fruity 100gr\/m2<\/p>\n<p><strong>Presentaci\u00f3n: <\/strong>Gramaje:100 grs.<br \/>\n<strong>Pack<\/strong> Oficio 50 hojas-<br \/>\n1 color por pack<\/p>\n<p>Colores Fuertes: Pineapple, Lime, Orange y Lychee.<br \/>\n* Los colores son s\u00f3lo referenciales, ya que \u00a0pueden no corresponder al tono exacto del papel.<\/p>\n","protected":false},"excerpt":{"rendered":"<p>Pura celulosa blanqueada, libre de cloro reciclable. Papel no estucado interior te\u00f1ido. Resistente al envejecimiento. Procesos tradicionales de impresi\u00f3n. Prensas tipogr\u00e1fica, litograf\u00eda, serigraf\u00eda impresa, l\u00e1ser e<span class=\"excerpt-hellip\"> [\u2026]<\/span><\/p>\n","protected":false},"featured_media":8590,"comment_status":"open","ping_status":"closed","template":"","meta":[],"product_cat":[608,294],"product_tag":[623,451,216,621,221,624,622],"_links":{"self":[{"href":"https:\/\/www.di-art.cl\/tienda\/wp-json\/wp\/v2\/product\/8572"}],"collection":[{"href":"https:\/\/www.di-art.cl\/tienda\/wp-json\/wp\/v2\/product"}],"about":[{"href":"https:\/\/www.di-art.cl\/tienda\/wp-json\/wp\/v2\/types\/product"}],"replies":[{"embeddable":true,"href":"https:\/\/www.di-art.cl\/tienda\/wp-json\/wp\/v2\/comments?post=8572"}],"wp:featuredmedia":[{"embeddable":true,"href":"https:\/\/www.di-art.cl\/tienda\/wp-json\/wp\/v2\/media\/8590"}],"wp:attachment":[{"href":"https:\/\/www.di-art.cl\/tienda\/wp-json\/wp\/v2\/media?parent=8572"}],"wp:term":[{"taxonomy":"product_cat","embeddable":true,"href":"https:\/\/www.di-art.cl\/tienda\/wp-json\/wp\/v2\/product_cat?post=8572"},{"taxonomy":"product_tag","embeddable":true,"href":"https:\/\/www.di-art.cl\/tienda\/wp-json\/wp\/v2\/product_tag?post=8572"}],"curies":[{"name":"wp","href":"https:\/\/api.w.org\/{rel}","templated":true}]}}