{"id":8735,"date":"2022-03-14T13:36:40","date_gmt":"2022-03-14T16:36:40","guid":{"rendered":"https:\/\/www.di-art.cl\/tienda\/?post_type=product&#038;p=8735"},"modified":"2024-12-02T11:21:35","modified_gmt":"2024-12-02T14:21:35","slug":"papel-verjurado-224-gr-oficio-25","status":"publish","type":"product","link":"https:\/\/www.di-art.cl\/tienda\/producto\/papel-verjurado-224-gr-oficio-25\/","title":{"rendered":"Papel Verjurado 224 gr. Oficio 25"},"content":{"rendered":"<p>Es un papel Verges, el cual presenta verjuras claramente definidas. Se presenta en sus tonos pastel, dos de ellos con un acabado rustico que le confiere un aspecto c\u00e1lido y natural.<\/p>\n<p>El papel de 224 gr. presenta marca al agua centrada, otorgando una fina presentaci\u00f3n.<\/p>\n<p>Verjurado contiene un 25% de algod\u00f3n y es apto en varias t\u00e9cnicas de impresi\u00f3n.<\/p>\n","protected":false},"excerpt":{"rendered":"<p>Es un papel Verges, el cual presenta verjuras claramente definidas. Se presenta en sus tonos pastel, dos de ellos con un acabado rustico que le confiere<span class=\"excerpt-hellip\"> [\u2026]<\/span><\/p>\n","protected":false},"featured_media":8762,"comment_status":"closed","ping_status":"closed","template":"","meta":[],"product_cat":[651,653],"product_tag":[652],"_links":{"self":[{"href":"https:\/\/www.di-art.cl\/tienda\/wp-json\/wp\/v2\/product\/8735"}],"collection":[{"href":"https:\/\/www.di-art.cl\/tienda\/wp-json\/wp\/v2\/product"}],"about":[{"href":"https:\/\/www.di-art.cl\/tienda\/wp-json\/wp\/v2\/types\/product"}],"replies":[{"embeddable":true,"href":"https:\/\/www.di-art.cl\/tienda\/wp-json\/wp\/v2\/comments?post=8735"}],"wp:featuredmedia":[{"embeddable":true,"href":"https:\/\/www.di-art.cl\/tienda\/wp-json\/wp\/v2\/media\/8762"}],"wp:attachment":[{"href":"https:\/\/www.di-art.cl\/tienda\/wp-json\/wp\/v2\/media?parent=8735"}],"wp:term":[{"taxonomy":"product_cat","embeddable":true,"href":"https:\/\/www.di-art.cl\/tienda\/wp-json\/wp\/v2\/product_cat?post=8735"},{"taxonomy":"product_tag","embeddable":true,"href":"https:\/\/www.di-art.cl\/tienda\/wp-json\/wp\/v2\/product_tag?post=8735"}],"curies":[{"name":"wp","href":"https:\/\/api.w.org\/{rel}","templated":true}]}}