{"id":8929,"date":"2022-06-13T19:27:16","date_gmt":"2022-06-13T22:27:16","guid":{"rendered":"https:\/\/www.di-art.cl\/tienda\/?post_type=product&#038;p=8929"},"modified":"2024-12-02T11:06:08","modified_gmt":"2024-12-02T14:06:08","slug":"crush-120-gr-colores-fuertes-oscuros","status":"publish","type":"product","link":"https:\/\/www.di-art.cl\/tienda\/producto\/crush-120-gr-colores-fuertes-oscuros\/","title":{"rendered":"Crush 120 gr. Colores fuertes y oscuros"},"content":{"rendered":"<p>Papel Reciclado org\u00e1nico, producido usando 100% energ\u00eda verde. El contenido incluye el 30% del reciclado de residuos post-consumo. Los productos org\u00e1nicos reemplazan el 15% de pulpa de \u00e1rbol.<\/p>\n<p>Colores: Almond, Hazelnut, Lavander, Cherry y Coffee.<\/p>\n","protected":false},"excerpt":{"rendered":"<p>Papel Reciclado org\u00e1nico, producido usando 100% energ\u00eda verde. El contenido incluye el 30% del reciclado de residuos post-consumo. Los productos org\u00e1nicos reemplazan el 15% de pulpa<span class=\"excerpt-hellip\"> [\u2026]<\/span><\/p>\n","protected":false},"featured_media":7607,"comment_status":"open","ping_status":"closed","template":"","meta":[],"product_cat":[448],"product_tag":[317,452,447,451,216,221,450,446],"_links":{"self":[{"href":"https:\/\/www.di-art.cl\/tienda\/wp-json\/wp\/v2\/product\/8929"}],"collection":[{"href":"https:\/\/www.di-art.cl\/tienda\/wp-json\/wp\/v2\/product"}],"about":[{"href":"https:\/\/www.di-art.cl\/tienda\/wp-json\/wp\/v2\/types\/product"}],"replies":[{"embeddable":true,"href":"https:\/\/www.di-art.cl\/tienda\/wp-json\/wp\/v2\/comments?post=8929"}],"wp:featuredmedia":[{"embeddable":true,"href":"https:\/\/www.di-art.cl\/tienda\/wp-json\/wp\/v2\/media\/7607"}],"wp:attachment":[{"href":"https:\/\/www.di-art.cl\/tienda\/wp-json\/wp\/v2\/media?parent=8929"}],"wp:term":[{"taxonomy":"product_cat","embeddable":true,"href":"https:\/\/www.di-art.cl\/tienda\/wp-json\/wp\/v2\/product_cat?post=8929"},{"taxonomy":"product_tag","embeddable":true,"href":"https:\/\/www.di-art.cl\/tienda\/wp-json\/wp\/v2\/product_tag?post=8929"}],"curies":[{"name":"wp","href":"https:\/\/api.w.org\/{rel}","templated":true}]}}