{"id":9167,"date":"2023-11-27T13:09:52","date_gmt":"2023-11-27T16:09:52","guid":{"rendered":"https:\/\/www.di-art.cl\/tienda\/?post_type=product&#038;p=9167"},"modified":"2024-12-02T10:51:41","modified_gmt":"2024-12-02T13:51:41","slug":"circolor-a-4-80-gr","status":"publish","type":"product","link":"https:\/\/www.di-art.cl\/tienda\/producto\/circolor-a-4-80-gr\/","title":{"rendered":"Circolor A-4 80 gr."},"content":{"rendered":"<p class=\"cvGsUA direction-ltr align-justify para-style-body\"><span class=\"OYPEnA text-decoration-none text-strikethrough-none\">Reciclar, pintar, imprimir, comunicar, disfrutar; ahora hoy todo se puede hacer con una gama polivalente CIRCOLOR, papel 100% reciclado.<\/span><\/p>\n<p class=\"cvGsUA direction-ltr align-justify para-style-body\"><span class=\"OYPEnA text-decoration-none text-strikethrough-none\">Adeacuado para fotocopiado, impresi\u00f3n l\u00e1ser y de inyecci\u00f3n de tinta sin ningun compromiso de sostenibilidad. Exprese su creatividad, pero recuerde y sea consiencete de usar ambos lados del papel.<\/span><\/p>\n<p class=\"cvGsUA direction-ltr align-justify para-style-body\"><span class=\"OYPEnA text-decoration-none text-strikethrough-none\">Disponible en tama\u00f1o A4 29.7 x 21 cm<\/span><\/p>\n<p class=\"cvGsUA direction-ltr align-justify para-style-body\"><span class=\"OYPEnA text-decoration-none text-strikethrough-none\">Gramajes: 80 gr.<\/span><\/p>\n<p class=\"cvGsUA direction-ltr align-justify para-style-body\"><span class=\"OYPEnA text-decoration-none text-strikethrough-none\">Colores: Jasmine, Camomile, Saffron, Pumpkin, Mint, Rosemary, Hibiscus, Iris, Peony y Tulip.<\/span><\/p>\n","protected":false},"excerpt":{"rendered":"<p>Reciclar, pintar, imprimir, comunicar, disfrutar; ahora hoy todo se puede hacer con una gama polivalente CIRCOLOR, papel 100% reciclado. Adeacuado para fotocopiado, impresi\u00f3n l\u00e1ser y de<span class=\"excerpt-hellip\"> [\u2026]<\/span><\/p>\n","protected":false},"featured_media":9155,"comment_status":"open","ping_status":"closed","template":"","meta":[],"product_cat":[448],"product_tag":[591,722,317,452,723,721,216,221,446],"_links":{"self":[{"href":"https:\/\/www.di-art.cl\/tienda\/wp-json\/wp\/v2\/product\/9167"}],"collection":[{"href":"https:\/\/www.di-art.cl\/tienda\/wp-json\/wp\/v2\/product"}],"about":[{"href":"https:\/\/www.di-art.cl\/tienda\/wp-json\/wp\/v2\/types\/product"}],"replies":[{"embeddable":true,"href":"https:\/\/www.di-art.cl\/tienda\/wp-json\/wp\/v2\/comments?post=9167"}],"wp:featuredmedia":[{"embeddable":true,"href":"https:\/\/www.di-art.cl\/tienda\/wp-json\/wp\/v2\/media\/9155"}],"wp:attachment":[{"href":"https:\/\/www.di-art.cl\/tienda\/wp-json\/wp\/v2\/media?parent=9167"}],"wp:term":[{"taxonomy":"product_cat","embeddable":true,"href":"https:\/\/www.di-art.cl\/tienda\/wp-json\/wp\/v2\/product_cat?post=9167"},{"taxonomy":"product_tag","embeddable":true,"href":"https:\/\/www.di-art.cl\/tienda\/wp-json\/wp\/v2\/product_tag?post=9167"}],"curies":[{"name":"wp","href":"https:\/\/api.w.org\/{rel}","templated":true}]}}