{"id":9225,"date":"2024-03-13T10:50:50","date_gmt":"2024-03-13T13:50:50","guid":{"rendered":"https:\/\/www.di-art.cl\/tienda\/?post_type=product&#038;p=9225"},"modified":"2024-12-02T10:54:34","modified_gmt":"2024-12-02T13:54:34","slug":"vegetal-color-pack-surtido","status":"publish","type":"product","link":"https:\/\/www.di-art.cl\/tienda\/producto\/vegetal-color-pack-surtido\/","title":{"rendered":"Vegetal Color Pack Surtido"},"content":{"rendered":"<p>Pura celulosa blanqueada, libre de cloro reciclable.<br \/>\nPapel no estucado interior te\u00f1ido. Resistente al envejecimiento.<br \/>\nProcesos tradicionales de impresi\u00f3n. Prensas tipogr\u00e1fica, litograf\u00eda, serigraf\u00eda impresa, l\u00e1ser e impresi\u00f3n de inyecci\u00f3n de tinta.<\/p>\n<p>Glama fresh &amp; fruity 100gr\/m2<\/p>\n<p><strong>Presentaci\u00f3n: <\/strong>Gramaje:100 grs.<\/p>\n<p><strong>Pack<\/strong> Oficio 24 hojas-<br \/>\n<strong>Pack<\/strong> 3 hojas por color<\/p>\n<p>Colores Pasteles: Rose, Yellow, Mint e Ice blue.<br \/>\nColores Fuertes: Pineapple, Lime, Orange yLychee.<\/p>\n","protected":false},"excerpt":{"rendered":"<p>Pura celulosa blanqueada, libre de cloro reciclable. Papel no estucado interior te\u00f1ido. Resistente al envejecimiento. Procesos tradicionales de impresi\u00f3n. Prensas tipogr\u00e1fica, litograf\u00eda, serigraf\u00eda impresa, l\u00e1ser e<span class=\"excerpt-hellip\"> [\u2026]<\/span><\/p>\n","protected":false},"featured_media":8590,"comment_status":"open","ping_status":"closed","template":"","meta":[],"product_cat":[608,294],"product_tag":[623,451,216,621,221,624,622],"_links":{"self":[{"href":"https:\/\/www.di-art.cl\/tienda\/wp-json\/wp\/v2\/product\/9225"}],"collection":[{"href":"https:\/\/www.di-art.cl\/tienda\/wp-json\/wp\/v2\/product"}],"about":[{"href":"https:\/\/www.di-art.cl\/tienda\/wp-json\/wp\/v2\/types\/product"}],"replies":[{"embeddable":true,"href":"https:\/\/www.di-art.cl\/tienda\/wp-json\/wp\/v2\/comments?post=9225"}],"wp:featuredmedia":[{"embeddable":true,"href":"https:\/\/www.di-art.cl\/tienda\/wp-json\/wp\/v2\/media\/8590"}],"wp:attachment":[{"href":"https:\/\/www.di-art.cl\/tienda\/wp-json\/wp\/v2\/media?parent=9225"}],"wp:term":[{"taxonomy":"product_cat","embeddable":true,"href":"https:\/\/www.di-art.cl\/tienda\/wp-json\/wp\/v2\/product_cat?post=9225"},{"taxonomy":"product_tag","embeddable":true,"href":"https:\/\/www.di-art.cl\/tienda\/wp-json\/wp\/v2\/product_tag?post=9225"}],"curies":[{"name":"wp","href":"https:\/\/api.w.org\/{rel}","templated":true}]}}