{"id":9241,"date":"2024-04-19T12:16:36","date_gmt":"2024-04-19T15:16:36","guid":{"rendered":"https:\/\/www.di-art.cl\/tienda\/?post_type=product&#038;p=9241"},"modified":"2024-12-02T10:48:10","modified_gmt":"2024-12-02T13:48:10","slug":"biancoflash-ivory-85","status":"publish","type":"product","link":"https:\/\/www.di-art.cl\/tienda\/producto\/biancoflash-ivory-85\/","title":{"rendered":"Biancoflash Ivory 85 gr. Liso"},"content":{"rendered":"<p><strong>Biancoflash<\/strong>, la marca original de\u00a0<strong>Favini<\/strong>, es la palabra italiana para la calidad.\u00a0 Biancoflash es una gama que presenta una enorme versatilidad para el dise\u00f1o y la impresi\u00f3n de alto nivel.<\/p>\n<p>Biancoflash Ivory 85 gr. color marfil disponible en tama\u00f1o Carta, Oficio en pack de 100 y 25 hojas.<\/p>\n<p>Apto para toda t\u00e9cnica de impresi\u00f3n. Uso: papeler\u00eda, Tarjeter\u00eda, Portadas, Manualidades, Scrapbook.<br \/>\nCompatible en fotocopiadoras, impresi\u00f3n L\u00e1ser e InkJet, en color y negro.<\/p>\n","protected":false},"excerpt":{"rendered":"<p>Linea <strong>Biancoflash<\/strong>, la marca original de\u00a0<strong>Favini<\/strong>, es la palabra italiana para la calidad.\u00a0 Biancoflash es una gama que presenta una enorme versatilidad para el dise\u00f1o y la impresi\u00f3n de alto nivel.<\/p>\n","protected":false},"featured_media":9250,"comment_status":"open","ping_status":"closed","template":"","meta":[],"product_cat":[295],"product_tag":[731,732,377,733,221,217],"_links":{"self":[{"href":"https:\/\/www.di-art.cl\/tienda\/wp-json\/wp\/v2\/product\/9241"}],"collection":[{"href":"https:\/\/www.di-art.cl\/tienda\/wp-json\/wp\/v2\/product"}],"about":[{"href":"https:\/\/www.di-art.cl\/tienda\/wp-json\/wp\/v2\/types\/product"}],"replies":[{"embeddable":true,"href":"https:\/\/www.di-art.cl\/tienda\/wp-json\/wp\/v2\/comments?post=9241"}],"wp:featuredmedia":[{"embeddable":true,"href":"https:\/\/www.di-art.cl\/tienda\/wp-json\/wp\/v2\/media\/9250"}],"wp:attachment":[{"href":"https:\/\/www.di-art.cl\/tienda\/wp-json\/wp\/v2\/media?parent=9241"}],"wp:term":[{"taxonomy":"product_cat","embeddable":true,"href":"https:\/\/www.di-art.cl\/tienda\/wp-json\/wp\/v2\/product_cat?post=9241"},{"taxonomy":"product_tag","embeddable":true,"href":"https:\/\/www.di-art.cl\/tienda\/wp-json\/wp\/v2\/product_tag?post=9241"}],"curies":[{"name":"wp","href":"https:\/\/api.w.org\/{rel}","templated":true}]}}