{"id":9364,"date":"2024-10-26T16:00:55","date_gmt":"2024-10-26T19:00:55","guid":{"rendered":"https:\/\/www.di-art.cl\/tienda\/?post_type=product&#038;p=9364"},"modified":"2024-12-02T10:25:20","modified_gmt":"2024-12-02T13:25:20","slug":"carpetas-arte","status":"publish","type":"product","link":"https:\/\/www.di-art.cl\/tienda\/producto\/carpetas-arte\/","title":{"rendered":"Carpetas Arte"},"content":{"rendered":"<p class=\"cvGsUA direction-ltr align-justify para-style-body\">Carpeta Arte de T\u00e9cnica seca y T\u00e9cnica H\u00fameda.<\/p>\n<p>Carpeta Arte para T\u00e9cnica seca (Dibujo t\u00e9cnico). Contiene papel Mixed Media 180 gr. Duria 200 gr, Matt y Smooth y Prisma 220 gr.<br \/>\n12 hojas (3 por tipo)<br \/>\nFormato 31x 37 cm<\/p>\n<p class=\"cvGsUA direction-ltr align-justify para-style-body\"><span class=\"OYPEnA font-feature-liga-off font-feature-clig-off font-feature-calt-off text-decoration-none text-strikethrough-none\">Carpeta Arte para T\u00e9cnica H\u00fameda. Contiene papel FaviniArt 240 gr, FaviniArt 300 gr 35% algodon y FaviniArt 300 gr 60% algodon.<br \/>\n12 hojas (4 por tipo)<br \/>\nFormato 31 x 37 cm<\/span><\/p>\n","protected":false},"excerpt":{"rendered":"<p>Carpeta Arte para T\u00e9cnica seca y T\u00e9cnica H\u00fameda.<\/p>\n","protected":false},"featured_media":9367,"comment_status":"closed","ping_status":"closed","template":"","meta":[],"product_cat":[773],"product_tag":[774,216,217,376,775],"_links":{"self":[{"href":"https:\/\/www.di-art.cl\/tienda\/wp-json\/wp\/v2\/product\/9364"}],"collection":[{"href":"https:\/\/www.di-art.cl\/tienda\/wp-json\/wp\/v2\/product"}],"about":[{"href":"https:\/\/www.di-art.cl\/tienda\/wp-json\/wp\/v2\/types\/product"}],"replies":[{"embeddable":true,"href":"https:\/\/www.di-art.cl\/tienda\/wp-json\/wp\/v2\/comments?post=9364"}],"wp:featuredmedia":[{"embeddable":true,"href":"https:\/\/www.di-art.cl\/tienda\/wp-json\/wp\/v2\/media\/9367"}],"wp:attachment":[{"href":"https:\/\/www.di-art.cl\/tienda\/wp-json\/wp\/v2\/media?parent=9364"}],"wp:term":[{"taxonomy":"product_cat","embeddable":true,"href":"https:\/\/www.di-art.cl\/tienda\/wp-json\/wp\/v2\/product_cat?post=9364"},{"taxonomy":"product_tag","embeddable":true,"href":"https:\/\/www.di-art.cl\/tienda\/wp-json\/wp\/v2\/product_tag?post=9364"}],"curies":[{"name":"wp","href":"https:\/\/api.w.org\/{rel}","templated":true}]}}